{"id":2218,"date":"2020-02-27T14:46:15","date_gmt":"2020-02-27T13:46:15","guid":{"rendered":"http:\/\/www.brokenwings.nl\/?page_id=2218"},"modified":"2022-12-06T16:37:19","modified_gmt":"2022-12-06T15:37:19","slug":"tentoonstellingen-75-jaar-bevrijding","status":"publish","type":"page","link":"https:\/\/www.brokenwings.nl\/?page_id=2218","title":{"rendered":"Tentoonstellingen 75 jaar bevrijding"},"content":{"rendered":"<p><span style=\"color: #ff0000;\"><strong>Alle festiviteiten van Stichting Vrijheid in Gemeente Epe in het kader van 75 jaar Vrijheid zijn afgelast. Enkele activiteiten zullen mogelijk verplaatst worden naar een later tijdstip. Informatie hierover t.z.t. in lokale media.<\/strong><\/span><\/p>\n<p>2020 : 75 jaar bevrijding in Vaassen &#8211; Voorbereidingen tentoonstellingen<br \/>\nStichting Broken Wings is bezig om in samenwerking met Museum Vaassen Historie, Daams\u2019 Molen en kasteel De Cannenburch een viertal exposities voor te bereiden die verschillende aspecten van 5 jaar oorlog en bezetting (1940 \u2013 1945) in woord en beeld brengen.<br \/>\nDe locaties voor drie exposities zijn bekend: Museum Vaassen Historie, (zie foto hieronder),<\/p>\n<div id=\"attachment_2212\" style=\"width: 170px\" class=\"wp-caption aligncenter\"><a href=\"https:\/\/i0.wp.com\/www.brokenwings.nl\/wp-content\/uploads\/2020\/02\/IMG_20200220_143119.jpg?ssl=1\"><img data-recalc-dims=\"1\" decoding=\"async\" aria-describedby=\"caption-attachment-2212\" class=\"size-thumbnail wp-image-2212\" src=\"https:\/\/i0.wp.com\/www.brokenwings.nl\/wp-content\/uploads\/2020\/02\/IMG_20200220_143119.jpg?resize=160%2C160&#038;ssl=1\" alt=\"\" width=\"160\" height=\"160\" srcset=\"https:\/\/i0.wp.com\/www.brokenwings.nl\/wp-content\/uploads\/2020\/02\/IMG_20200220_143119.jpg?resize=160%2C160&amp;ssl=1 160w, https:\/\/i0.wp.com\/www.brokenwings.nl\/wp-content\/uploads\/2020\/02\/IMG_20200220_143119.jpg?zoom=2&amp;resize=160%2C160&amp;ssl=1 320w, https:\/\/i0.wp.com\/www.brokenwings.nl\/wp-content\/uploads\/2020\/02\/IMG_20200220_143119.jpg?zoom=3&amp;resize=160%2C160&amp;ssl=1 480w\" sizes=\"(max-width: 160px) 100vw, 160px\" \/><\/a><p id=\"caption-attachment-2212\" class=\"wp-caption-text\">Dubbelklik om te vergoten.<\/p><\/div>\n<p>Daams\u2019 Molen,<\/p>\n<div id=\"attachment_2317\" style=\"width: 170px\" class=\"wp-caption aligncenter\"><a href=\"https:\/\/i0.wp.com\/www.brokenwings.nl\/wp-content\/uploads\/2020\/03\/IMG_20200312_155331.jpg?ssl=1\"><img data-recalc-dims=\"1\" decoding=\"async\" aria-describedby=\"caption-attachment-2317\" class=\"wp-image-2317 size-thumbnail\" src=\"https:\/\/i0.wp.com\/www.brokenwings.nl\/wp-content\/uploads\/2020\/03\/IMG_20200312_155331.jpg?resize=160%2C160&#038;ssl=1\" alt=\"\" width=\"160\" height=\"160\" srcset=\"https:\/\/i0.wp.com\/www.brokenwings.nl\/wp-content\/uploads\/2020\/03\/IMG_20200312_155331.jpg?resize=160%2C160&amp;ssl=1 160w, https:\/\/i0.wp.com\/www.brokenwings.nl\/wp-content\/uploads\/2020\/03\/IMG_20200312_155331.jpg?zoom=2&amp;resize=160%2C160&amp;ssl=1 320w, https:\/\/i0.wp.com\/www.brokenwings.nl\/wp-content\/uploads\/2020\/03\/IMG_20200312_155331.jpg?zoom=3&amp;resize=160%2C160&amp;ssl=1 480w\" sizes=\"(max-width: 160px) 100vw, 160px\" \/><\/a><p id=\"caption-attachment-2317\" class=\"wp-caption-text\">Dubbelklik om te vergroten.<\/p><\/div>\n<p>het Bouwhuis van kasteel De Cannenburch en pand aan de dorpstraat (etalageopstelling)<\/p>\n<p>Bij elke expositie zal ter inzage een infoboekje liggen met daarin een nadere toelichting op het tentoongestelde.<\/p>\n<p>De thema\u2019s voor de tentoonstellingen zijn : Begin, Leed, Angst, Wanhoop, Hoop en Vrede.<\/p>\n<p>De volgende onderwerpen aan de orde komen :<br \/>\n\u2022 <strong>Tentoonstelling 1<\/strong> Museum Vaassen Historie. Thema: Begin van WOll.<br \/>\nInval op 10 mei 1940), Deel van een Loopgraaf, Mobilisatie, Soldaat in Nederlands Uniform, foto\u2019s van omgekomen Epenaren.<br \/>\nBunker verhaal, foto\u2019s en verhalen van twee Epenaren;<br \/>\nDe expositie Museum Vaassen Historie is van 17 april tot begin september.<br \/>\n\u2022 <strong>Tentoonstelling 2.<\/strong> Daams\u2019 Molen. Thema:Luchtoorlog \/ Luchtbescherming;<br \/>\nFoto\u2019s van de luchtbeschermingsgroep en luchtbewaking, Film over luchtaanval en luchtbewaking, Vitrine met Maquette Halifaxcrash.<br \/>\nDe expositie is van 17 april tot begin september<br \/>\n\u2022 <strong>Tentoonstelling 3<\/strong> Bouwhuis kasteel De Cannenburch.Thema: Gedwongen arbeid (Arbeitseinsatz);<br \/>\nTodt, razzia okt. \u201944, lichtflitsen en geluid van bombardementen namen van te werkstelling Epenaren, Foto\u2019s Bombardementen Duitsland.<br \/>\nTwee vitrines gevuld vulling materialen van o.a. van schuilkelder, foto\u2019s van Todt-arbeid en filmmateriaal, 130 brieven Labbertonen.<br \/>\nDe tentoonstelling loopt van 17 april tot eind mei 2020<br \/>\n\u2022 <strong>Tentoonstelling 4<\/strong> Pand Dorpsstraat: Thema: Vervolging, Jodenvervolging, Verzet(36 bunder),<br \/>\nEvacuatie (Fiets en kinderwagen), Hongerwinter en Bevrijding van Vaassen op 17 april 1945.<br \/>\nDe expositie is van 17 april tot begin september.<\/p>\n<p>Afspraak\/afspraken voor bezoek aan \u00e9\u00e9n of meerdere locatie(s) kan\/kunnen via de Cultuurmakelaar Noord Veluwe worden gemaakt met<br \/>\nrondleiders\/rondleidsters van het Scholenproject van stichting Broken Wings.<\/p>\n","protected":false},"excerpt":{"rendered":"<p>Alle festiviteiten van Stichting Vrijheid in Gemeente Epe in het kader van 75 jaar Vrijheid zijn afgelast. Enkele activiteiten zullen mogelijk verplaatst worden naar een later tijdstip. Informatie hierover t.z.t. in lokale media. 2020 : 75 jaar bevrijding in Vaassen &hellip; <a href=\"https:\/\/www.brokenwings.nl\/?page_id=2218\">Lees verder <span class=\"meta-nav\">&rarr;<\/span><\/a><\/p>\n","protected":false},"author":5,"featured_media":0,"parent":1536,"menu_order":11,"comment_status":"closed","ping_status":"closed","template":"","meta":{"_mc_calendar":[],"footnotes":""},"class_list":["post-2218","page","type-page","status-publish","hentry"],"yoast_head":"<!-- This site is optimized with the Yoast SEO plugin v26.8 - https:\/\/yoast.com\/product\/yoast-seo-wordpress\/ -->\n<title>Tentoonstellingen 75 jaar bevrijding -<\/title>\n<meta name=\"robots\" content=\"index, follow, max-snippet:-1, max-image-preview:large, max-video-preview:-1\" \/>\n<link rel=\"canonical\" href=\"https:\/\/www.brokenwings.nl\/?page_id=2218\" \/>\n<meta property=\"og:locale\" content=\"nl_NL\" \/>\n<meta property=\"og:type\" content=\"article\" \/>\n<meta property=\"og:title\" content=\"Tentoonstellingen 75 jaar bevrijding -\" \/>\n<meta property=\"og:description\" content=\"Alle festiviteiten van Stichting Vrijheid in Gemeente Epe in het kader van 75 jaar Vrijheid zijn afgelast. Enkele activiteiten zullen mogelijk verplaatst worden naar een later tijdstip. Informatie hierover t.z.t. in lokale media. 2020 : 75 jaar bevrijding in Vaassen &hellip; Lees verder &rarr;\" \/>\n<meta property=\"og:url\" content=\"https:\/\/www.brokenwings.nl\/?page_id=2218\" \/>\n<meta property=\"article:publisher\" content=\"https:\/\/www.facebook.com\/StichtingBrokenWings\/\" \/>\n<meta property=\"article:modified_time\" content=\"2022-12-06T15:37:19+00:00\" \/>\n<meta property=\"og:image\" content=\"http:\/\/www.brokenwings.nl\/wp-content\/uploads\/2020\/02\/IMG_20200220_143119-160x160.jpg\" \/>\n<meta name=\"twitter:card\" content=\"summary_large_image\" \/>\n<meta name=\"twitter:label1\" content=\"Geschatte leestijd\" \/>\n\t<meta name=\"twitter:data1\" content=\"2 minuten\" \/>\n<script type=\"application\/ld+json\" class=\"yoast-schema-graph\">{\"@context\":\"https:\/\/schema.org\",\"@graph\":[{\"@type\":\"WebPage\",\"@id\":\"https:\/\/www.brokenwings.nl\/?page_id=2218\",\"url\":\"https:\/\/www.brokenwings.nl\/?page_id=2218\",\"name\":\"Tentoonstellingen 75 jaar bevrijding -\",\"isPartOf\":{\"@id\":\"https:\/\/www.brokenwings.nl\/#website\"},\"primaryImageOfPage\":{\"@id\":\"https:\/\/www.brokenwings.nl\/?page_id=2218#primaryimage\"},\"image\":{\"@id\":\"https:\/\/www.brokenwings.nl\/?page_id=2218#primaryimage\"},\"thumbnailUrl\":\"http:\/\/www.brokenwings.nl\/wp-content\/uploads\/2020\/02\/IMG_20200220_143119-160x160.jpg\",\"datePublished\":\"2020-02-27T13:46:15+00:00\",\"dateModified\":\"2022-12-06T15:37:19+00:00\",\"breadcrumb\":{\"@id\":\"https:\/\/www.brokenwings.nl\/?page_id=2218#breadcrumb\"},\"inLanguage\":\"nl-NL\",\"potentialAction\":[{\"@type\":\"ReadAction\",\"target\":[\"https:\/\/www.brokenwings.nl\/?page_id=2218\"]}]},{\"@type\":\"ImageObject\",\"inLanguage\":\"nl-NL\",\"@id\":\"https:\/\/www.brokenwings.nl\/?page_id=2218#primaryimage\",\"url\":\"http:\/\/www.brokenwings.nl\/wp-content\/uploads\/2020\/02\/IMG_20200220_143119-160x160.jpg\",\"contentUrl\":\"http:\/\/www.brokenwings.nl\/wp-content\/uploads\/2020\/02\/IMG_20200220_143119-160x160.jpg\"},{\"@type\":\"BreadcrumbList\",\"@id\":\"https:\/\/www.brokenwings.nl\/?page_id=2218#breadcrumb\",\"itemListElement\":[{\"@type\":\"ListItem\",\"position\":1,\"name\":\"Home\",\"item\":\"https:\/\/www.brokenwings.nl\/\"},{\"@type\":\"ListItem\",\"position\":2,\"name\":\"Historie\",\"item\":\"https:\/\/www.brokenwings.nl\/?page_id=16\"},{\"@type\":\"ListItem\",\"position\":3,\"name\":\"75 jaar (+2) bevrijding\",\"item\":\"https:\/\/www.brokenwings.nl\/?page_id=1536\"},{\"@type\":\"ListItem\",\"position\":4,\"name\":\"Tentoonstellingen 75 jaar bevrijding\"}]},{\"@type\":\"WebSite\",\"@id\":\"https:\/\/www.brokenwings.nl\/#website\",\"url\":\"https:\/\/www.brokenwings.nl\/\",\"name\":\"www.brokenwings.nl\",\"description\":\"\",\"publisher\":{\"@id\":\"https:\/\/www.brokenwings.nl\/#organization\"},\"potentialAction\":[{\"@type\":\"SearchAction\",\"target\":{\"@type\":\"EntryPoint\",\"urlTemplate\":\"https:\/\/www.brokenwings.nl\/?s={search_term_string}\"},\"query-input\":{\"@type\":\"PropertyValueSpecification\",\"valueRequired\":true,\"valueName\":\"search_term_string\"}}],\"inLanguage\":\"nl-NL\"},{\"@type\":\"Organization\",\"@id\":\"https:\/\/www.brokenwings.nl\/#organization\",\"name\":\"Stichting Broken Wings\",\"url\":\"https:\/\/www.brokenwings.nl\/\",\"logo\":{\"@type\":\"ImageObject\",\"inLanguage\":\"nl-NL\",\"@id\":\"https:\/\/www.brokenwings.nl\/#\/schema\/logo\/image\/\",\"url\":\"https:\/\/i0.wp.com\/www.brokenwings.nl\/wp-content\/uploads\/2023\/09\/NWE-logo-Broken-Wings.jpg?fit=199%2C136&ssl=1\",\"contentUrl\":\"https:\/\/i0.wp.com\/www.brokenwings.nl\/wp-content\/uploads\/2023\/09\/NWE-logo-Broken-Wings.jpg?fit=199%2C136&ssl=1\",\"width\":199,\"height\":136,\"caption\":\"Stichting Broken Wings\"},\"image\":{\"@id\":\"https:\/\/www.brokenwings.nl\/#\/schema\/logo\/image\/\"},\"sameAs\":[\"https:\/\/www.facebook.com\/StichtingBrokenWings\/\"]}]}<\/script>\n<!-- \/ Yoast SEO plugin. -->","yoast_head_json":{"title":"Tentoonstellingen 75 jaar bevrijding -","robots":{"index":"index","follow":"follow","max-snippet":"max-snippet:-1","max-image-preview":"max-image-preview:large","max-video-preview":"max-video-preview:-1"},"canonical":"https:\/\/www.brokenwings.nl\/?page_id=2218","og_locale":"nl_NL","og_type":"article","og_title":"Tentoonstellingen 75 jaar bevrijding -","og_description":"Alle festiviteiten van Stichting Vrijheid in Gemeente Epe in het kader van 75 jaar Vrijheid zijn afgelast. Enkele activiteiten zullen mogelijk verplaatst worden naar een later tijdstip. Informatie hierover t.z.t. in lokale media. 2020 : 75 jaar bevrijding in Vaassen &hellip; Lees verder &rarr;","og_url":"https:\/\/www.brokenwings.nl\/?page_id=2218","article_publisher":"https:\/\/www.facebook.com\/StichtingBrokenWings\/","article_modified_time":"2022-12-06T15:37:19+00:00","og_image":[{"url":"http:\/\/www.brokenwings.nl\/wp-content\/uploads\/2020\/02\/IMG_20200220_143119-160x160.jpg","type":"","width":"","height":""}],"twitter_card":"summary_large_image","twitter_misc":{"Geschatte leestijd":"2 minuten"},"schema":{"@context":"https:\/\/schema.org","@graph":[{"@type":"WebPage","@id":"https:\/\/www.brokenwings.nl\/?page_id=2218","url":"https:\/\/www.brokenwings.nl\/?page_id=2218","name":"Tentoonstellingen 75 jaar bevrijding -","isPartOf":{"@id":"https:\/\/www.brokenwings.nl\/#website"},"primaryImageOfPage":{"@id":"https:\/\/www.brokenwings.nl\/?page_id=2218#primaryimage"},"image":{"@id":"https:\/\/www.brokenwings.nl\/?page_id=2218#primaryimage"},"thumbnailUrl":"http:\/\/www.brokenwings.nl\/wp-content\/uploads\/2020\/02\/IMG_20200220_143119-160x160.jpg","datePublished":"2020-02-27T13:46:15+00:00","dateModified":"2022-12-06T15:37:19+00:00","breadcrumb":{"@id":"https:\/\/www.brokenwings.nl\/?page_id=2218#breadcrumb"},"inLanguage":"nl-NL","potentialAction":[{"@type":"ReadAction","target":["https:\/\/www.brokenwings.nl\/?page_id=2218"]}]},{"@type":"ImageObject","inLanguage":"nl-NL","@id":"https:\/\/www.brokenwings.nl\/?page_id=2218#primaryimage","url":"http:\/\/www.brokenwings.nl\/wp-content\/uploads\/2020\/02\/IMG_20200220_143119-160x160.jpg","contentUrl":"http:\/\/www.brokenwings.nl\/wp-content\/uploads\/2020\/02\/IMG_20200220_143119-160x160.jpg"},{"@type":"BreadcrumbList","@id":"https:\/\/www.brokenwings.nl\/?page_id=2218#breadcrumb","itemListElement":[{"@type":"ListItem","position":1,"name":"Home","item":"https:\/\/www.brokenwings.nl\/"},{"@type":"ListItem","position":2,"name":"Historie","item":"https:\/\/www.brokenwings.nl\/?page_id=16"},{"@type":"ListItem","position":3,"name":"75 jaar (+2) bevrijding","item":"https:\/\/www.brokenwings.nl\/?page_id=1536"},{"@type":"ListItem","position":4,"name":"Tentoonstellingen 75 jaar bevrijding"}]},{"@type":"WebSite","@id":"https:\/\/www.brokenwings.nl\/#website","url":"https:\/\/www.brokenwings.nl\/","name":"www.brokenwings.nl","description":"","publisher":{"@id":"https:\/\/www.brokenwings.nl\/#organization"},"potentialAction":[{"@type":"SearchAction","target":{"@type":"EntryPoint","urlTemplate":"https:\/\/www.brokenwings.nl\/?s={search_term_string}"},"query-input":{"@type":"PropertyValueSpecification","valueRequired":true,"valueName":"search_term_string"}}],"inLanguage":"nl-NL"},{"@type":"Organization","@id":"https:\/\/www.brokenwings.nl\/#organization","name":"Stichting Broken Wings","url":"https:\/\/www.brokenwings.nl\/","logo":{"@type":"ImageObject","inLanguage":"nl-NL","@id":"https:\/\/www.brokenwings.nl\/#\/schema\/logo\/image\/","url":"https:\/\/i0.wp.com\/www.brokenwings.nl\/wp-content\/uploads\/2023\/09\/NWE-logo-Broken-Wings.jpg?fit=199%2C136&ssl=1","contentUrl":"https:\/\/i0.wp.com\/www.brokenwings.nl\/wp-content\/uploads\/2023\/09\/NWE-logo-Broken-Wings.jpg?fit=199%2C136&ssl=1","width":199,"height":136,"caption":"Stichting Broken Wings"},"image":{"@id":"https:\/\/www.brokenwings.nl\/#\/schema\/logo\/image\/"},"sameAs":["https:\/\/www.facebook.com\/StichtingBrokenWings\/"]}]}},"jetpack_shortlink":"https:\/\/wp.me\/P43ycQ-zM","jetpack_sharing_enabled":true,"jetpack-related-posts":[{"id":1893,"url":"https:\/\/www.brokenwings.nl\/?page_id=1893","url_meta":{"origin":2218,"position":0},"title":"75 jaar bevrijding in Vaassen","author":"Gerrit","date":"30.09.2019","format":false,"excerpt":"Stichting Broken Wings is bezig om in samenwerking met Museum Vaassen Historie, Daams\u2019 Molen en kasteel De Cannenburch een viertal exposities voor te bereiden die verschillende aspecten van 5 jaar oorlog en bezetting (1940 \u2013 1945) in woord en beeld brengen. De locaties voor drie exposities zijn inmiddels bekend nl.\u2026","rel":"","context":"Soortgelijk bericht","block_context":{"text":"Soortgelijk bericht","link":""},"img":{"alt_text":"","src":"","width":0,"height":0},"classes":[]},{"id":2265,"url":"https:\/\/www.brokenwings.nl\/?page_id=2265","url_meta":{"origin":2218,"position":1},"title":"Opening expositie &#8216;Helden in een vergeefse strijd&#8217;","author":"Gerrit","date":"10.03.2020","format":false,"excerpt":"Alle festiviteiten van Stichting Vrijheid in Gemeente Epe in het kader van 75 jaar Vrijheid zijn afgelast. Enkele activiteiten zullen mogelijk verplaatst worden naar een later tijdstip. Informatie hierover t.z.t. in lokale media. Opening Expositie Broken Wings In het kader van 75 jaar bevrijding was er vrijdag 6 maart de\u2026","rel":"","context":"Soortgelijk bericht","block_context":{"text":"Soortgelijk bericht","link":""},"img":{"alt_text":"","src":"","width":0,"height":0},"classes":[]},{"id":16,"url":"https:\/\/www.brokenwings.nl\/?page_id=16","url_meta":{"origin":2218,"position":2},"title":"Historie","author":"Jan","date":"28.10.2013","format":false,"excerpt":"Het ontstaan van de stichting Op feestelijke wijze werd op 17 april 1995 in aanwezigheid van de bevrijder van toen, de Canadees Roger Jean-Marie, herdacht dat het dorp Vaassen 50 jaar geleden werd bevrijd van de Duitse overheersing gedurende de Tweede Wereldoorlog. Daarbij werd niet vergeten om ook aandacht te\u2026","rel":"","context":"Soortgelijk bericht","block_context":{"text":"Soortgelijk bericht","link":""},"img":{"alt_text":"Engelse Gasten","src":"https:\/\/i0.wp.com\/www.brokenwings.nl\/wp-content\/uploads\/2013\/10\/Historie_Engelse-gasten-in-vaassen-1995-300x200.jpg?resize=350%2C200","width":350,"height":200},"classes":[]},{"id":1536,"url":"https:\/\/www.brokenwings.nl\/?page_id=1536","url_meta":{"origin":2218,"position":3},"title":"75 jaar (+2) bevrijding","author":"Gerrit","date":"21.03.2019","format":false,"excerpt":"Stichting Broken Wings\u00a0 \u201940 - \u201945 \u00a0\u2018geeft vrede een gezicht\u2019 Inzameling voorwerpen gerelateerd aan WOII voor Expositie 2020 In het kader van de viering 75 Jaar Vrijheid in 2020 bereidt stichting Broken Wings \u201940 - \u201945 een expositie voor waarin zij diverse aspecten wil belichten uit de meest donkere periode\u2026","rel":"","context":"Soortgelijk bericht","block_context":{"text":"Soortgelijk bericht","link":""},"img":{"alt_text":"","src":"https:\/\/i0.wp.com\/www.brokenwings.nl\/wp-content\/uploads\/2019\/03\/BW-logo.jpg?resize=350%2C200","width":350,"height":200},"classes":[]},{"id":2488,"url":"https:\/\/www.brokenwings.nl\/?page_id=2488","url_meta":{"origin":2218,"position":4},"title":"Uitreiking Broken Wings Sterren","author":"Gerrit","date":"15.07.2020","format":false,"excerpt":"Maandag 13 juli 2020 werd op het schoolplein van de R.K. Gerardus Majellaschool, Boxhofstede, Vaassen officieel de herrinneringster 75 jaar Vrijheid 1945 \u2013 2020 uitgereikt. De ruim 4.000 sterren werden in ontvangst genomen en worden op een later tijdstip aan alle basisschoolleerlingen in de gemeente Epe zullen worden uitgereikt. Tijdens\u2026","rel":"","context":"Soortgelijk bericht","block_context":{"text":"Soortgelijk bericht","link":""},"img":{"alt_text":"","src":"https:\/\/i0.wp.com\/www.brokenwings.nl\/wp-content\/uploads\/2020\/07\/Broken-Wing-ster-75-jr-vrijheid.png?resize=350%2C200","width":350,"height":200},"classes":[]},{"id":3647,"url":"https:\/\/www.brokenwings.nl\/?page_id=3647","url_meta":{"origin":2218,"position":5},"title":"Erebogen bevrijdingsfeesten augustus  1945","author":"Gerrit","date":"16.05.2022","format":false,"excerpt":"(verteld door Emma van der He\u0133den, vr\u0133willigster b\u0133 stichting Broken Wings) We zitten ongeveer 133 dagen na de bevrijding van de gemeente Epe. De verjaardag van Koningin Wilhelmina wordt groots gevierd in de gemeente Epe. Zo worden er over verschillende dagen activiteiten georganiseerd, sportprogramma\u2019s, volksspellen, een kermis, vuurwerk en nog\u2026","rel":"","context":"Soortgelijk bericht","block_context":{"text":"Soortgelijk bericht","link":""},"img":{"alt_text":"","src":"https:\/\/i0.wp.com\/www.brokenwings.nl\/wp-content\/uploads\/2022\/05\/BW-ereboog-1949-160x160.png?resize=350%2C200","width":350,"height":200},"classes":[]}],"publishpress_future_action":{"enabled":false,"date":"2026-05-21 06:29:41","action":"change-status","newStatus":"draft","terms":[],"taxonomy":"","extraData":[]},"publishpress_future_workflow_manual_trigger":{"enabledWorkflows":[]},"_links":{"self":[{"href":"https:\/\/www.brokenwings.nl\/index.php?rest_route=\/wp\/v2\/pages\/2218","targetHints":{"allow":["GET"]}}],"collection":[{"href":"https:\/\/www.brokenwings.nl\/index.php?rest_route=\/wp\/v2\/pages"}],"about":[{"href":"https:\/\/www.brokenwings.nl\/index.php?rest_route=\/wp\/v2\/types\/page"}],"author":[{"embeddable":true,"href":"https:\/\/www.brokenwings.nl\/index.php?rest_route=\/wp\/v2\/users\/5"}],"replies":[{"embeddable":true,"href":"https:\/\/www.brokenwings.nl\/index.php?rest_route=%2Fwp%2Fv2%2Fcomments&post=2218"}],"version-history":[{"count":0,"href":"https:\/\/www.brokenwings.nl\/index.php?rest_route=\/wp\/v2\/pages\/2218\/revisions"}],"up":[{"embeddable":true,"href":"https:\/\/www.brokenwings.nl\/index.php?rest_route=\/wp\/v2\/pages\/1536"}],"wp:attachment":[{"href":"https:\/\/www.brokenwings.nl\/index.php?rest_route=%2Fwp%2Fv2%2Fmedia&parent=2218"}],"curies":[{"name":"wp","href":"https:\/\/api.w.org\/{rel}","templated":true}]}}