{"id":2463,"date":"2020-07-04T13:18:01","date_gmt":"2020-07-04T12:18:01","guid":{"rendered":"http:\/\/www.brokenwings.nl\/?page_id=2463"},"modified":"2020-07-04T13:26:04","modified_gmt":"2020-07-04T12:26:04","slug":"broken-wings-sterren","status":"publish","type":"page","link":"https:\/\/www.brokenwings.nl\/?page_id=2463","title":{"rendered":"Broken Wings sterren"},"content":{"rendered":"<p>Uitreiking Broken Wings-ster aan leerlingen van basis- en voortgezet onderwijsin de gemeente Epe<\/p>\n<p><a href=\"https:\/\/i0.wp.com\/www.brokenwings.nl\/wp-content\/uploads\/2020\/07\/Broken-Wing-ster-75-jr-vrijheid.png?ssl=1\"><img data-recalc-dims=\"1\" decoding=\"async\" class=\"aligncenter size-full wp-image-2468\" src=\"https:\/\/i0.wp.com\/www.brokenwings.nl\/wp-content\/uploads\/2020\/07\/Broken-Wing-ster-75-jr-vrijheid.png?resize=82%2C78&#038;ssl=1\" alt=\"\" width=\"82\" height=\"78\" \/><\/a><br \/>\nOp maandag 13 juli a.s. wordt in aanwezigheid van o.a. wethouder E. Visser, bestuursleden van Broken Wings en leerlingen van groep 8 van de Gerardus Majellaschool in Vaassen de eerste Broken Wings ster uitgereikt op het schoolplein van deze school. Tegelijkertijd worden op symbolische wijze 4.000 sterren overhandigd die op een later tijdstip aan leerlingen van het basis onderwijs en enkele scholen voor voortgezet onderwijs in de gemeente Epe zullen worden uitgereikt.<\/p>\n<p>Waarom deze ster ?<\/p>\n<p>Voormalige IJzergieterij \u2018De Industrie\u2019 te Vaassen (nu Royal Vaassen geheten) heeft kort na het einde van de Tweede Wereldoorlog een ster, met het opschrift 1940 &#8211; 1945, laten maken en deze uitgereikt aan de schooljeugd in Vaassen.<\/p>\n<p>Ook Broken Wings bestuurslid Jan Duinstee ontving destijds, hij was toen 10 jaar oud, zo\u2019n ster. Die ster heeft hij altijd bewaard en het was dan ook zijn idee om eenzelfde ster te laten ontwerpen voor de schooljeugd van nu als herinnering aan 75 jaar VRIJHEID.<\/p>\n<p>En zo geschiedde. Enkele sponsors waren bereid om \u2013 geheel belangeloos \u2013 een ster te ontwerpen met als opdruk de jaartallen : 1945 &#8211; 2020, afbeelding van de Nederlandse Leeuw en de woorden<br \/>\n75 jaar VRIJHEID.<\/p>\n<p>Omdat alle festiviteiten dit voorjaar vanwege de uitbraak van het Covid-19 virus moesten worden afgelast zullen de sterren nog voor de vakantie aan de scholen worden uitgereikt.<\/p>\n","protected":false},"excerpt":{"rendered":"<p>Uitreiking Broken Wings-ster aan leerlingen van basis- en voortgezet onderwijsin de gemeente Epe Op maandag 13 juli a.s. wordt in aanwezigheid van o.a. wethouder E. Visser, bestuursleden van Broken Wings en leerlingen van groep 8 van de Gerardus Majellaschool in &hellip; <a href=\"https:\/\/www.brokenwings.nl\/?page_id=2463\">Lees verder <span class=\"meta-nav\">&rarr;<\/span><\/a><\/p>\n","protected":false},"author":5,"featured_media":0,"parent":1536,"menu_order":0,"comment_status":"closed","ping_status":"closed","template":"","meta":{"_mc_calendar":[],"footnotes":""},"class_list":["post-2463","page","type-page","status-publish","hentry"],"yoast_head":"<!-- This site is optimized with the Yoast SEO plugin v26.8 - https:\/\/yoast.com\/product\/yoast-seo-wordpress\/ -->\n<title>Broken Wings sterren -<\/title>\n<meta name=\"robots\" content=\"index, follow, max-snippet:-1, max-image-preview:large, max-video-preview:-1\" \/>\n<link rel=\"canonical\" href=\"https:\/\/www.brokenwings.nl\/?page_id=2463\" \/>\n<meta property=\"og:locale\" content=\"nl_NL\" \/>\n<meta property=\"og:type\" content=\"article\" \/>\n<meta property=\"og:title\" content=\"Broken Wings sterren -\" \/>\n<meta property=\"og:description\" content=\"Uitreiking Broken Wings-ster aan leerlingen van basis- en voortgezet onderwijsin de gemeente Epe Op maandag 13 juli a.s. wordt in aanwezigheid van o.a. wethouder E. Visser, bestuursleden van Broken Wings en leerlingen van groep 8 van de Gerardus Majellaschool in &hellip; Lees verder &rarr;\" \/>\n<meta property=\"og:url\" content=\"https:\/\/www.brokenwings.nl\/?page_id=2463\" \/>\n<meta property=\"article:publisher\" content=\"https:\/\/www.facebook.com\/StichtingBrokenWings\/\" \/>\n<meta property=\"article:modified_time\" content=\"2020-07-04T12:26:04+00:00\" \/>\n<meta property=\"og:image\" content=\"http:\/\/www.brokenwings.nl\/wp-content\/uploads\/2020\/07\/Broken-Wing-ster-75-jr-vrijheid.png\" \/>\n<meta name=\"twitter:card\" content=\"summary_large_image\" \/>\n<meta name=\"twitter:label1\" content=\"Geschatte leestijd\" \/>\n\t<meta name=\"twitter:data1\" content=\"1 minuut\" \/>\n<script type=\"application\/ld+json\" class=\"yoast-schema-graph\">{\"@context\":\"https:\/\/schema.org\",\"@graph\":[{\"@type\":\"WebPage\",\"@id\":\"https:\/\/www.brokenwings.nl\/?page_id=2463\",\"url\":\"https:\/\/www.brokenwings.nl\/?page_id=2463\",\"name\":\"Broken Wings sterren -\",\"isPartOf\":{\"@id\":\"https:\/\/www.brokenwings.nl\/#website\"},\"primaryImageOfPage\":{\"@id\":\"https:\/\/www.brokenwings.nl\/?page_id=2463#primaryimage\"},\"image\":{\"@id\":\"https:\/\/www.brokenwings.nl\/?page_id=2463#primaryimage\"},\"thumbnailUrl\":\"http:\/\/www.brokenwings.nl\/wp-content\/uploads\/2020\/07\/Broken-Wing-ster-75-jr-vrijheid.png\",\"datePublished\":\"2020-07-04T12:18:01+00:00\",\"dateModified\":\"2020-07-04T12:26:04+00:00\",\"breadcrumb\":{\"@id\":\"https:\/\/www.brokenwings.nl\/?page_id=2463#breadcrumb\"},\"inLanguage\":\"nl-NL\",\"potentialAction\":[{\"@type\":\"ReadAction\",\"target\":[\"https:\/\/www.brokenwings.nl\/?page_id=2463\"]}]},{\"@type\":\"ImageObject\",\"inLanguage\":\"nl-NL\",\"@id\":\"https:\/\/www.brokenwings.nl\/?page_id=2463#primaryimage\",\"url\":\"http:\/\/www.brokenwings.nl\/wp-content\/uploads\/2020\/07\/Broken-Wing-ster-75-jr-vrijheid.png\",\"contentUrl\":\"http:\/\/www.brokenwings.nl\/wp-content\/uploads\/2020\/07\/Broken-Wing-ster-75-jr-vrijheid.png\"},{\"@type\":\"BreadcrumbList\",\"@id\":\"https:\/\/www.brokenwings.nl\/?page_id=2463#breadcrumb\",\"itemListElement\":[{\"@type\":\"ListItem\",\"position\":1,\"name\":\"Home\",\"item\":\"https:\/\/www.brokenwings.nl\/\"},{\"@type\":\"ListItem\",\"position\":2,\"name\":\"Historie\",\"item\":\"https:\/\/www.brokenwings.nl\/?page_id=16\"},{\"@type\":\"ListItem\",\"position\":3,\"name\":\"75 jaar (+2) bevrijding\",\"item\":\"https:\/\/www.brokenwings.nl\/?page_id=1536\"},{\"@type\":\"ListItem\",\"position\":4,\"name\":\"Broken Wings sterren\"}]},{\"@type\":\"WebSite\",\"@id\":\"https:\/\/www.brokenwings.nl\/#website\",\"url\":\"https:\/\/www.brokenwings.nl\/\",\"name\":\"www.brokenwings.nl\",\"description\":\"\",\"publisher\":{\"@id\":\"https:\/\/www.brokenwings.nl\/#organization\"},\"potentialAction\":[{\"@type\":\"SearchAction\",\"target\":{\"@type\":\"EntryPoint\",\"urlTemplate\":\"https:\/\/www.brokenwings.nl\/?s={search_term_string}\"},\"query-input\":{\"@type\":\"PropertyValueSpecification\",\"valueRequired\":true,\"valueName\":\"search_term_string\"}}],\"inLanguage\":\"nl-NL\"},{\"@type\":\"Organization\",\"@id\":\"https:\/\/www.brokenwings.nl\/#organization\",\"name\":\"Stichting Broken Wings\",\"url\":\"https:\/\/www.brokenwings.nl\/\",\"logo\":{\"@type\":\"ImageObject\",\"inLanguage\":\"nl-NL\",\"@id\":\"https:\/\/www.brokenwings.nl\/#\/schema\/logo\/image\/\",\"url\":\"https:\/\/i0.wp.com\/www.brokenwings.nl\/wp-content\/uploads\/2023\/09\/NWE-logo-Broken-Wings.jpg?fit=199%2C136&ssl=1\",\"contentUrl\":\"https:\/\/i0.wp.com\/www.brokenwings.nl\/wp-content\/uploads\/2023\/09\/NWE-logo-Broken-Wings.jpg?fit=199%2C136&ssl=1\",\"width\":199,\"height\":136,\"caption\":\"Stichting Broken Wings\"},\"image\":{\"@id\":\"https:\/\/www.brokenwings.nl\/#\/schema\/logo\/image\/\"},\"sameAs\":[\"https:\/\/www.facebook.com\/StichtingBrokenWings\/\"]}]}<\/script>\n<!-- \/ Yoast SEO plugin. -->","yoast_head_json":{"title":"Broken Wings sterren -","robots":{"index":"index","follow":"follow","max-snippet":"max-snippet:-1","max-image-preview":"max-image-preview:large","max-video-preview":"max-video-preview:-1"},"canonical":"https:\/\/www.brokenwings.nl\/?page_id=2463","og_locale":"nl_NL","og_type":"article","og_title":"Broken Wings sterren -","og_description":"Uitreiking Broken Wings-ster aan leerlingen van basis- en voortgezet onderwijsin de gemeente Epe Op maandag 13 juli a.s. wordt in aanwezigheid van o.a. wethouder E. Visser, bestuursleden van Broken Wings en leerlingen van groep 8 van de Gerardus Majellaschool in &hellip; Lees verder &rarr;","og_url":"https:\/\/www.brokenwings.nl\/?page_id=2463","article_publisher":"https:\/\/www.facebook.com\/StichtingBrokenWings\/","article_modified_time":"2020-07-04T12:26:04+00:00","og_image":[{"url":"http:\/\/www.brokenwings.nl\/wp-content\/uploads\/2020\/07\/Broken-Wing-ster-75-jr-vrijheid.png","type":"","width":"","height":""}],"twitter_card":"summary_large_image","twitter_misc":{"Geschatte leestijd":"1 minuut"},"schema":{"@context":"https:\/\/schema.org","@graph":[{"@type":"WebPage","@id":"https:\/\/www.brokenwings.nl\/?page_id=2463","url":"https:\/\/www.brokenwings.nl\/?page_id=2463","name":"Broken Wings sterren -","isPartOf":{"@id":"https:\/\/www.brokenwings.nl\/#website"},"primaryImageOfPage":{"@id":"https:\/\/www.brokenwings.nl\/?page_id=2463#primaryimage"},"image":{"@id":"https:\/\/www.brokenwings.nl\/?page_id=2463#primaryimage"},"thumbnailUrl":"http:\/\/www.brokenwings.nl\/wp-content\/uploads\/2020\/07\/Broken-Wing-ster-75-jr-vrijheid.png","datePublished":"2020-07-04T12:18:01+00:00","dateModified":"2020-07-04T12:26:04+00:00","breadcrumb":{"@id":"https:\/\/www.brokenwings.nl\/?page_id=2463#breadcrumb"},"inLanguage":"nl-NL","potentialAction":[{"@type":"ReadAction","target":["https:\/\/www.brokenwings.nl\/?page_id=2463"]}]},{"@type":"ImageObject","inLanguage":"nl-NL","@id":"https:\/\/www.brokenwings.nl\/?page_id=2463#primaryimage","url":"http:\/\/www.brokenwings.nl\/wp-content\/uploads\/2020\/07\/Broken-Wing-ster-75-jr-vrijheid.png","contentUrl":"http:\/\/www.brokenwings.nl\/wp-content\/uploads\/2020\/07\/Broken-Wing-ster-75-jr-vrijheid.png"},{"@type":"BreadcrumbList","@id":"https:\/\/www.brokenwings.nl\/?page_id=2463#breadcrumb","itemListElement":[{"@type":"ListItem","position":1,"name":"Home","item":"https:\/\/www.brokenwings.nl\/"},{"@type":"ListItem","position":2,"name":"Historie","item":"https:\/\/www.brokenwings.nl\/?page_id=16"},{"@type":"ListItem","position":3,"name":"75 jaar (+2) bevrijding","item":"https:\/\/www.brokenwings.nl\/?page_id=1536"},{"@type":"ListItem","position":4,"name":"Broken Wings sterren"}]},{"@type":"WebSite","@id":"https:\/\/www.brokenwings.nl\/#website","url":"https:\/\/www.brokenwings.nl\/","name":"www.brokenwings.nl","description":"","publisher":{"@id":"https:\/\/www.brokenwings.nl\/#organization"},"potentialAction":[{"@type":"SearchAction","target":{"@type":"EntryPoint","urlTemplate":"https:\/\/www.brokenwings.nl\/?s={search_term_string}"},"query-input":{"@type":"PropertyValueSpecification","valueRequired":true,"valueName":"search_term_string"}}],"inLanguage":"nl-NL"},{"@type":"Organization","@id":"https:\/\/www.brokenwings.nl\/#organization","name":"Stichting Broken Wings","url":"https:\/\/www.brokenwings.nl\/","logo":{"@type":"ImageObject","inLanguage":"nl-NL","@id":"https:\/\/www.brokenwings.nl\/#\/schema\/logo\/image\/","url":"https:\/\/i0.wp.com\/www.brokenwings.nl\/wp-content\/uploads\/2023\/09\/NWE-logo-Broken-Wings.jpg?fit=199%2C136&ssl=1","contentUrl":"https:\/\/i0.wp.com\/www.brokenwings.nl\/wp-content\/uploads\/2023\/09\/NWE-logo-Broken-Wings.jpg?fit=199%2C136&ssl=1","width":199,"height":136,"caption":"Stichting Broken Wings"},"image":{"@id":"https:\/\/www.brokenwings.nl\/#\/schema\/logo\/image\/"},"sameAs":["https:\/\/www.facebook.com\/StichtingBrokenWings\/"]}]}},"jetpack_shortlink":"https:\/\/wp.me\/P43ycQ-DJ","jetpack_sharing_enabled":true,"jetpack-related-posts":[{"id":2488,"url":"https:\/\/www.brokenwings.nl\/?page_id=2488","url_meta":{"origin":2463,"position":0},"title":"Uitreiking Broken Wings Sterren","author":"Gerrit","date":"15.07.2020","format":false,"excerpt":"Maandag 13 juli 2020 werd op het schoolplein van de R.K. Gerardus Majellaschool, Boxhofstede, Vaassen officieel de herrinneringster 75 jaar Vrijheid 1945 \u2013 2020 uitgereikt. De ruim 4.000 sterren werden in ontvangst genomen en worden op een later tijdstip aan alle basisschoolleerlingen in de gemeente Epe zullen worden uitgereikt. Tijdens\u2026","rel":"","context":"Soortgelijk bericht","block_context":{"text":"Soortgelijk bericht","link":""},"img":{"alt_text":"","src":"https:\/\/i0.wp.com\/www.brokenwings.nl\/wp-content\/uploads\/2020\/07\/Broken-Wing-ster-75-jr-vrijheid.png?resize=350%2C200","width":350,"height":200},"classes":[]},{"id":1923,"url":"https:\/\/www.brokenwings.nl\/?page_id=1923","url_meta":{"origin":2463,"position":1},"title":"Onze activiteiten","author":"Gerrit","date":"08.10.2019","format":false,"excerpt":"Wie is en wat doet Stichting \u2018Broken Wings\u2019 ?\u00a0\u2028 Stichting \u2018Broken Wings\u2019, opgericht in 1997, stelt zich ten doel om hen, die tijdens de 2e Wereldoorlog hun leven gaven voor onze vrijheid, te eren en komende generaties te blijven herinneren aan de offers die zij brachten. \u2018Broken Wings\u2019 doet dit\u2026","rel":"","context":"Soortgelijk bericht","block_context":{"text":"Soortgelijk bericht","link":""},"img":{"alt_text":"","src":"","width":0,"height":0},"classes":[]},{"id":2147,"url":"https:\/\/www.brokenwings.nl\/?page_id=2147","url_meta":{"origin":2463,"position":2},"title":"Gastdocent","author":"Gerrit","date":"14.01.2020","format":false,"excerpt":"Voor de werkgroep Scholenproject zoeken wij een enthousiaste vrijwilliger, bij voorkeur met pedagogische en didactische achtergrond, die op scholen in de gemeente Epe over de regionale geschiedenis van WOII wil vertellen. Door de vele aanvragen voor presentaties en herdenkingen over de Tweede Wereldoorlog in de gemeente Epe is Stichting Broken\u2026","rel":"","context":"Soortgelijk bericht","block_context":{"text":"Soortgelijk bericht","link":""},"img":{"alt_text":"","src":"","width":0,"height":0},"classes":[]},{"id":3647,"url":"https:\/\/www.brokenwings.nl\/?page_id=3647","url_meta":{"origin":2463,"position":3},"title":"Erebogen bevrijdingsfeesten augustus  1945","author":"Gerrit","date":"16.05.2022","format":false,"excerpt":"(verteld door Emma van der He\u0133den, vr\u0133willigster b\u0133 stichting Broken Wings) We zitten ongeveer 133 dagen na de bevrijding van de gemeente Epe. De verjaardag van Koningin Wilhelmina wordt groots gevierd in de gemeente Epe. Zo worden er over verschillende dagen activiteiten georganiseerd, sportprogramma\u2019s, volksspellen, een kermis, vuurwerk en nog\u2026","rel":"","context":"Soortgelijk bericht","block_context":{"text":"Soortgelijk bericht","link":""},"img":{"alt_text":"","src":"https:\/\/i0.wp.com\/www.brokenwings.nl\/wp-content\/uploads\/2022\/05\/BW-ereboog-1949-160x160.png?resize=350%2C200","width":350,"height":200},"classes":[]},{"id":4673,"url":"https:\/\/www.brokenwings.nl\/?page_id=4673","url_meta":{"origin":2463,"position":4},"title":"In Memoriam Jaap van Huffelen","author":"Gerrit","date":"16.02.2024","format":false,"excerpt":"Het heengaan van ons bestuurslid Jaap van Huffelen op 26 december 2023 heeft ons diep geraakt. Hoewel we wisten dat hij ziek was kwam het bericht van zijn overlijden totaal onverwacht. Tijdens zijn ziekte bleef Jaap actief ook gedurende de periode dat hij de behandelingen in het ziekenhuis onderging. Het\u2026","rel":"","context":"Soortgelijk bericht","block_context":{"text":"Soortgelijk bericht","link":""},"img":{"alt_text":"","src":"https:\/\/i0.wp.com\/www.brokenwings.nl\/wp-content\/uploads\/2024\/02\/IMG_0213-Jaap-v-H.JPG-scaled.jpg?resize=350%2C200","width":350,"height":200,"srcset":"https:\/\/i0.wp.com\/www.brokenwings.nl\/wp-content\/uploads\/2024\/02\/IMG_0213-Jaap-v-H.JPG-scaled.jpg?resize=350%2C200 1x, https:\/\/i0.wp.com\/www.brokenwings.nl\/wp-content\/uploads\/2024\/02\/IMG_0213-Jaap-v-H.JPG-scaled.jpg?resize=525%2C300 1.5x, https:\/\/i0.wp.com\/www.brokenwings.nl\/wp-content\/uploads\/2024\/02\/IMG_0213-Jaap-v-H.JPG-scaled.jpg?resize=700%2C400 2x, https:\/\/i0.wp.com\/www.brokenwings.nl\/wp-content\/uploads\/2024\/02\/IMG_0213-Jaap-v-H.JPG-scaled.jpg?resize=1050%2C600 3x, https:\/\/i0.wp.com\/www.brokenwings.nl\/wp-content\/uploads\/2024\/02\/IMG_0213-Jaap-v-H.JPG-scaled.jpg?resize=1400%2C800 4x"},"classes":[]},{"id":3497,"url":"https:\/\/www.brokenwings.nl\/?page_id=3497","url_meta":{"origin":2463,"position":5},"title":"Tentoonstelling Kinderboeken over WO ll","author":"Gerrit","date":"17.03.2022","format":false,"excerpt":"Tijdens de opening van de Collecties van verzamelaars is het Museum Vaassen Historie van 3 maart 2022\u00a0 heeft ook Broken Wings een tentoonstelling gepresenteerd met de titel:\u00a0 \u201cKinderboeken over WO ll\u201d \u00a0in de hoek van het Broken Wings museum. Tijdens de voorbereidingen van de tentoonstelling \u201cKinderboeken over WO ll\u201d\u00a0heeft mevr.\u2026","rel":"","context":"Soortgelijk bericht","block_context":{"text":"Soortgelijk bericht","link":""},"img":{"alt_text":"","src":"https:\/\/i0.wp.com\/www.brokenwings.nl\/wp-content\/uploads\/2022\/03\/BW-foto-Jeugdboeken-2WO-160x160.jpeg?resize=350%2C200","width":350,"height":200},"classes":[]}],"publishpress_future_action":{"enabled":false,"date":"2026-04-24 19:42:56","action":"change-status","newStatus":"draft","terms":[],"taxonomy":"","extraData":[]},"publishpress_future_workflow_manual_trigger":{"enabledWorkflows":[]},"_links":{"self":[{"href":"https:\/\/www.brokenwings.nl\/index.php?rest_route=\/wp\/v2\/pages\/2463","targetHints":{"allow":["GET"]}}],"collection":[{"href":"https:\/\/www.brokenwings.nl\/index.php?rest_route=\/wp\/v2\/pages"}],"about":[{"href":"https:\/\/www.brokenwings.nl\/index.php?rest_route=\/wp\/v2\/types\/page"}],"author":[{"embeddable":true,"href":"https:\/\/www.brokenwings.nl\/index.php?rest_route=\/wp\/v2\/users\/5"}],"replies":[{"embeddable":true,"href":"https:\/\/www.brokenwings.nl\/index.php?rest_route=%2Fwp%2Fv2%2Fcomments&post=2463"}],"version-history":[{"count":0,"href":"https:\/\/www.brokenwings.nl\/index.php?rest_route=\/wp\/v2\/pages\/2463\/revisions"}],"up":[{"embeddable":true,"href":"https:\/\/www.brokenwings.nl\/index.php?rest_route=\/wp\/v2\/pages\/1536"}],"wp:attachment":[{"href":"https:\/\/www.brokenwings.nl\/index.php?rest_route=%2Fwp%2Fv2%2Fmedia&parent=2463"}],"curies":[{"name":"wp","href":"https:\/\/api.w.org\/{rel}","templated":true}]}}