{"id":2488,"date":"2020-07-15T12:52:11","date_gmt":"2020-07-15T11:52:11","guid":{"rendered":"http:\/\/www.brokenwings.nl\/?page_id=2488"},"modified":"2022-11-23T17:53:24","modified_gmt":"2022-11-23T16:53:24","slug":"uitreiking-broken-wings-sterren","status":"publish","type":"page","link":"https:\/\/www.brokenwings.nl\/?page_id=2488","title":{"rendered":"Uitreiking Broken Wings Sterren"},"content":{"rendered":"<p>Maandag 13 juli 2020 werd op het schoolplein van de R.K. Gerardus Majellaschool, Boxhofstede, Vaassen officieel de herrinneringster 75 jaar Vrijheid 1945 \u2013 2020 uitgereikt.<br \/>\nDe ruim 4.000 sterren werden in ontvangst genomen en worden op een later tijdstip aan alle basisschoolleerlingen in de gemeente Epe zullen worden uitgereikt.<\/p>\n<p><a href=\"https:\/\/i0.wp.com\/www.brokenwings.nl\/wp-content\/uploads\/2020\/07\/Broken-Wing-ster-75-jr-vrijheid.png?ssl=1\"><img data-recalc-dims=\"1\" decoding=\"async\" src=\"https:\/\/i0.wp.com\/www.brokenwings.nl\/wp-content\/uploads\/2020\/07\/Broken-Wing-ster-75-jr-vrijheid.png?resize=82%2C78&#038;ssl=1\" alt=\"\" width=\"82\" height=\"78\" class=\"aligncenter size-full wp-image-2468\" \/><\/a><\/p>\n<p>Tijdens de ceremonie gaf bedenker van de ster, Jan Duinstee, uitleg over het hoe en waarom deze ster wordt uitgereikt aan alle leerlingen van het basisonderwijs in de gemeente Epe.<\/p>\n<p>Voormalig bedrijf \u2018Industrie\u2019 (nu Royal Vaassen geheten) heeft kort na het einde van WOII voor de schooljeugd in Vaassen een ster laten maken met als opschrift : 1940 &#8211; 1945.<\/p>\n<p>Broken Wings bestuurslid Jan Duinstee, die deze ster altijd heeft bewaard, vond enkele sponsors bereid (o.a. Gerard Klink) eenzelfde exemplaar met andere opdruk te laten maken voor alle basisschoolleerlingen in onze gemeente als herinnering aan 75 jaar VRIJHEID.<\/p>\n<p>Voorzitter van stichting Broken Wings \u201940 \u2013 \u201945, Adrie Pol, hoopt dat de leerlingen van nu later nog eens terugdenken aan dat bijzondere jaar 2020. Het jaar waarin we de Vrijheid herdachten maar niet konden vieren vanwege het Covid-19 virus.<\/p>\n<p>De eerste ster werd door Jan Duinstee aangeboden aan Jara Klink. Jara overhandigde een ster daarna aan Wethouder Erik Visser. Die ster stond symbool voor de ruim 4.000 sterren die later aan alle basisschoolleerlingen worden uitgereikt.<\/p>\n<p>Lees ook het artikel hierover in <a href=\"https:\/\/www.destentor.nl\/veluwe\/jan-duinstee-86-uit-vaassen-koestert-al-75-jaar-zijn-bevrijdingsster-4000-leerlingen-in-epe-ontvangen-nu-ook-een-witte-ster-als-symbool-van-vrijheid-br-br~a1a46091\/173268001\/\">De Stentor<\/a><\/p>\n<p>Zie ook: <a href=\"https:\/\/www.brokenwings.nl\/?p=2493\">Sterrenregen<\/a> van Jan Duinstee.<\/p>\n<p>Foto&#8217;s volgen binnenkort.<\/p>\n","protected":false},"excerpt":{"rendered":"<p>Maandag 13 juli 2020 werd op het schoolplein van de R.K. Gerardus Majellaschool, Boxhofstede, Vaassen officieel de herrinneringster 75 jaar Vrijheid 1945 \u2013 2020 uitgereikt. De ruim 4.000 sterren werden in ontvangst genomen en worden op een later tijdstip aan &hellip; <a href=\"https:\/\/www.brokenwings.nl\/?page_id=2488\">Lees verder <span class=\"meta-nav\">&rarr;<\/span><\/a><\/p>\n","protected":false},"author":5,"featured_media":0,"parent":16,"menu_order":0,"comment_status":"closed","ping_status":"closed","template":"","meta":{"_mc_calendar":[],"footnotes":""},"class_list":["post-2488","page","type-page","status-publish","hentry"],"yoast_head":"<!-- This site is optimized with the Yoast SEO plugin v26.8 - https:\/\/yoast.com\/product\/yoast-seo-wordpress\/ -->\n<title>Uitreiking Broken Wings Sterren -<\/title>\n<meta name=\"robots\" content=\"index, follow, max-snippet:-1, max-image-preview:large, max-video-preview:-1\" \/>\n<link rel=\"canonical\" href=\"https:\/\/www.brokenwings.nl\/?page_id=2488\" \/>\n<meta property=\"og:locale\" content=\"nl_NL\" \/>\n<meta property=\"og:type\" content=\"article\" \/>\n<meta property=\"og:title\" content=\"Uitreiking Broken Wings Sterren -\" \/>\n<meta property=\"og:description\" content=\"Maandag 13 juli 2020 werd op het schoolplein van de R.K. Gerardus Majellaschool, Boxhofstede, Vaassen officieel de herrinneringster 75 jaar Vrijheid 1945 \u2013 2020 uitgereikt. De ruim 4.000 sterren werden in ontvangst genomen en worden op een later tijdstip aan &hellip; Lees verder &rarr;\" \/>\n<meta property=\"og:url\" content=\"https:\/\/www.brokenwings.nl\/?page_id=2488\" \/>\n<meta property=\"article:publisher\" content=\"https:\/\/www.facebook.com\/StichtingBrokenWings\/\" \/>\n<meta property=\"article:modified_time\" content=\"2022-11-23T16:53:24+00:00\" \/>\n<meta property=\"og:image\" content=\"http:\/\/www.brokenwings.nl\/wp-content\/uploads\/2020\/07\/Broken-Wing-ster-75-jr-vrijheid.png\" \/>\n<meta name=\"twitter:card\" content=\"summary_large_image\" \/>\n<meta name=\"twitter:label1\" content=\"Geschatte leestijd\" \/>\n\t<meta name=\"twitter:data1\" content=\"1 minuut\" \/>\n<script type=\"application\/ld+json\" class=\"yoast-schema-graph\">{\"@context\":\"https:\/\/schema.org\",\"@graph\":[{\"@type\":\"WebPage\",\"@id\":\"https:\/\/www.brokenwings.nl\/?page_id=2488\",\"url\":\"https:\/\/www.brokenwings.nl\/?page_id=2488\",\"name\":\"Uitreiking Broken Wings Sterren -\",\"isPartOf\":{\"@id\":\"https:\/\/www.brokenwings.nl\/#website\"},\"primaryImageOfPage\":{\"@id\":\"https:\/\/www.brokenwings.nl\/?page_id=2488#primaryimage\"},\"image\":{\"@id\":\"https:\/\/www.brokenwings.nl\/?page_id=2488#primaryimage\"},\"thumbnailUrl\":\"http:\/\/www.brokenwings.nl\/wp-content\/uploads\/2020\/07\/Broken-Wing-ster-75-jr-vrijheid.png\",\"datePublished\":\"2020-07-15T11:52:11+00:00\",\"dateModified\":\"2022-11-23T16:53:24+00:00\",\"breadcrumb\":{\"@id\":\"https:\/\/www.brokenwings.nl\/?page_id=2488#breadcrumb\"},\"inLanguage\":\"nl-NL\",\"potentialAction\":[{\"@type\":\"ReadAction\",\"target\":[\"https:\/\/www.brokenwings.nl\/?page_id=2488\"]}]},{\"@type\":\"ImageObject\",\"inLanguage\":\"nl-NL\",\"@id\":\"https:\/\/www.brokenwings.nl\/?page_id=2488#primaryimage\",\"url\":\"http:\/\/www.brokenwings.nl\/wp-content\/uploads\/2020\/07\/Broken-Wing-ster-75-jr-vrijheid.png\",\"contentUrl\":\"http:\/\/www.brokenwings.nl\/wp-content\/uploads\/2020\/07\/Broken-Wing-ster-75-jr-vrijheid.png\"},{\"@type\":\"BreadcrumbList\",\"@id\":\"https:\/\/www.brokenwings.nl\/?page_id=2488#breadcrumb\",\"itemListElement\":[{\"@type\":\"ListItem\",\"position\":1,\"name\":\"Home\",\"item\":\"https:\/\/www.brokenwings.nl\/\"},{\"@type\":\"ListItem\",\"position\":2,\"name\":\"Historie\",\"item\":\"https:\/\/www.brokenwings.nl\/?page_id=16\"},{\"@type\":\"ListItem\",\"position\":3,\"name\":\"Uitreiking Broken Wings Sterren\"}]},{\"@type\":\"WebSite\",\"@id\":\"https:\/\/www.brokenwings.nl\/#website\",\"url\":\"https:\/\/www.brokenwings.nl\/\",\"name\":\"www.brokenwings.nl\",\"description\":\"\",\"publisher\":{\"@id\":\"https:\/\/www.brokenwings.nl\/#organization\"},\"potentialAction\":[{\"@type\":\"SearchAction\",\"target\":{\"@type\":\"EntryPoint\",\"urlTemplate\":\"https:\/\/www.brokenwings.nl\/?s={search_term_string}\"},\"query-input\":{\"@type\":\"PropertyValueSpecification\",\"valueRequired\":true,\"valueName\":\"search_term_string\"}}],\"inLanguage\":\"nl-NL\"},{\"@type\":\"Organization\",\"@id\":\"https:\/\/www.brokenwings.nl\/#organization\",\"name\":\"Stichting Broken Wings\",\"url\":\"https:\/\/www.brokenwings.nl\/\",\"logo\":{\"@type\":\"ImageObject\",\"inLanguage\":\"nl-NL\",\"@id\":\"https:\/\/www.brokenwings.nl\/#\/schema\/logo\/image\/\",\"url\":\"https:\/\/i0.wp.com\/www.brokenwings.nl\/wp-content\/uploads\/2023\/09\/NWE-logo-Broken-Wings.jpg?fit=199%2C136&ssl=1\",\"contentUrl\":\"https:\/\/i0.wp.com\/www.brokenwings.nl\/wp-content\/uploads\/2023\/09\/NWE-logo-Broken-Wings.jpg?fit=199%2C136&ssl=1\",\"width\":199,\"height\":136,\"caption\":\"Stichting Broken Wings\"},\"image\":{\"@id\":\"https:\/\/www.brokenwings.nl\/#\/schema\/logo\/image\/\"},\"sameAs\":[\"https:\/\/www.facebook.com\/StichtingBrokenWings\/\"]}]}<\/script>\n<!-- \/ Yoast SEO plugin. -->","yoast_head_json":{"title":"Uitreiking Broken Wings Sterren -","robots":{"index":"index","follow":"follow","max-snippet":"max-snippet:-1","max-image-preview":"max-image-preview:large","max-video-preview":"max-video-preview:-1"},"canonical":"https:\/\/www.brokenwings.nl\/?page_id=2488","og_locale":"nl_NL","og_type":"article","og_title":"Uitreiking Broken Wings Sterren -","og_description":"Maandag 13 juli 2020 werd op het schoolplein van de R.K. Gerardus Majellaschool, Boxhofstede, Vaassen officieel de herrinneringster 75 jaar Vrijheid 1945 \u2013 2020 uitgereikt. De ruim 4.000 sterren werden in ontvangst genomen en worden op een later tijdstip aan &hellip; Lees verder &rarr;","og_url":"https:\/\/www.brokenwings.nl\/?page_id=2488","article_publisher":"https:\/\/www.facebook.com\/StichtingBrokenWings\/","article_modified_time":"2022-11-23T16:53:24+00:00","og_image":[{"url":"http:\/\/www.brokenwings.nl\/wp-content\/uploads\/2020\/07\/Broken-Wing-ster-75-jr-vrijheid.png","type":"","width":"","height":""}],"twitter_card":"summary_large_image","twitter_misc":{"Geschatte leestijd":"1 minuut"},"schema":{"@context":"https:\/\/schema.org","@graph":[{"@type":"WebPage","@id":"https:\/\/www.brokenwings.nl\/?page_id=2488","url":"https:\/\/www.brokenwings.nl\/?page_id=2488","name":"Uitreiking Broken Wings Sterren -","isPartOf":{"@id":"https:\/\/www.brokenwings.nl\/#website"},"primaryImageOfPage":{"@id":"https:\/\/www.brokenwings.nl\/?page_id=2488#primaryimage"},"image":{"@id":"https:\/\/www.brokenwings.nl\/?page_id=2488#primaryimage"},"thumbnailUrl":"http:\/\/www.brokenwings.nl\/wp-content\/uploads\/2020\/07\/Broken-Wing-ster-75-jr-vrijheid.png","datePublished":"2020-07-15T11:52:11+00:00","dateModified":"2022-11-23T16:53:24+00:00","breadcrumb":{"@id":"https:\/\/www.brokenwings.nl\/?page_id=2488#breadcrumb"},"inLanguage":"nl-NL","potentialAction":[{"@type":"ReadAction","target":["https:\/\/www.brokenwings.nl\/?page_id=2488"]}]},{"@type":"ImageObject","inLanguage":"nl-NL","@id":"https:\/\/www.brokenwings.nl\/?page_id=2488#primaryimage","url":"http:\/\/www.brokenwings.nl\/wp-content\/uploads\/2020\/07\/Broken-Wing-ster-75-jr-vrijheid.png","contentUrl":"http:\/\/www.brokenwings.nl\/wp-content\/uploads\/2020\/07\/Broken-Wing-ster-75-jr-vrijheid.png"},{"@type":"BreadcrumbList","@id":"https:\/\/www.brokenwings.nl\/?page_id=2488#breadcrumb","itemListElement":[{"@type":"ListItem","position":1,"name":"Home","item":"https:\/\/www.brokenwings.nl\/"},{"@type":"ListItem","position":2,"name":"Historie","item":"https:\/\/www.brokenwings.nl\/?page_id=16"},{"@type":"ListItem","position":3,"name":"Uitreiking Broken Wings Sterren"}]},{"@type":"WebSite","@id":"https:\/\/www.brokenwings.nl\/#website","url":"https:\/\/www.brokenwings.nl\/","name":"www.brokenwings.nl","description":"","publisher":{"@id":"https:\/\/www.brokenwings.nl\/#organization"},"potentialAction":[{"@type":"SearchAction","target":{"@type":"EntryPoint","urlTemplate":"https:\/\/www.brokenwings.nl\/?s={search_term_string}"},"query-input":{"@type":"PropertyValueSpecification","valueRequired":true,"valueName":"search_term_string"}}],"inLanguage":"nl-NL"},{"@type":"Organization","@id":"https:\/\/www.brokenwings.nl\/#organization","name":"Stichting Broken Wings","url":"https:\/\/www.brokenwings.nl\/","logo":{"@type":"ImageObject","inLanguage":"nl-NL","@id":"https:\/\/www.brokenwings.nl\/#\/schema\/logo\/image\/","url":"https:\/\/i0.wp.com\/www.brokenwings.nl\/wp-content\/uploads\/2023\/09\/NWE-logo-Broken-Wings.jpg?fit=199%2C136&ssl=1","contentUrl":"https:\/\/i0.wp.com\/www.brokenwings.nl\/wp-content\/uploads\/2023\/09\/NWE-logo-Broken-Wings.jpg?fit=199%2C136&ssl=1","width":199,"height":136,"caption":"Stichting Broken Wings"},"image":{"@id":"https:\/\/www.brokenwings.nl\/#\/schema\/logo\/image\/"},"sameAs":["https:\/\/www.facebook.com\/StichtingBrokenWings\/"]}]}},"jetpack_shortlink":"https:\/\/wp.me\/P43ycQ-E8","jetpack_sharing_enabled":true,"jetpack-related-posts":[{"id":2463,"url":"https:\/\/www.brokenwings.nl\/?page_id=2463","url_meta":{"origin":2488,"position":0},"title":"Broken Wings sterren","author":"Gerrit","date":"04.07.2020","format":false,"excerpt":"Uitreiking Broken Wings-ster aan leerlingen van basis- en voortgezet onderwijsin de gemeente Epe Op maandag 13 juli a.s. wordt in aanwezigheid van o.a. wethouder E. Visser, bestuursleden van Broken Wings en leerlingen van groep 8 van de Gerardus Majellaschool in Vaassen de eerste Broken Wings ster uitgereikt op het schoolplein\u2026","rel":"","context":"Soortgelijk bericht","block_context":{"text":"Soortgelijk bericht","link":""},"img":{"alt_text":"","src":"https:\/\/i0.wp.com\/www.brokenwings.nl\/wp-content\/uploads\/2020\/07\/Broken-Wing-ster-75-jr-vrijheid.png?resize=350%2C200","width":350,"height":200},"classes":[]},{"id":3647,"url":"https:\/\/www.brokenwings.nl\/?page_id=3647","url_meta":{"origin":2488,"position":1},"title":"Erebogen bevrijdingsfeesten augustus  1945","author":"Gerrit","date":"16.05.2022","format":false,"excerpt":"(verteld door Emma van der He\u0133den, vr\u0133willigster b\u0133 stichting Broken Wings) We zitten ongeveer 133 dagen na de bevrijding van de gemeente Epe. De verjaardag van Koningin Wilhelmina wordt groots gevierd in de gemeente Epe. Zo worden er over verschillende dagen activiteiten georganiseerd, sportprogramma\u2019s, volksspellen, een kermis, vuurwerk en nog\u2026","rel":"","context":"Soortgelijk bericht","block_context":{"text":"Soortgelijk bericht","link":""},"img":{"alt_text":"","src":"https:\/\/i0.wp.com\/www.brokenwings.nl\/wp-content\/uploads\/2022\/05\/BW-ereboog-1949-160x160.png?resize=350%2C200","width":350,"height":200},"classes":[]},{"id":3630,"url":"https:\/\/www.brokenwings.nl\/?page_id=3630","url_meta":{"origin":2488,"position":2},"title":"17 april 1945: Vaassen bevrijd","author":"Gerrit","date":"26.04.2022","format":false,"excerpt":"Pff wat een nacht! Overal was geknal en het leek steeds dichterbij te komen. Maar sinds de vroege ochtend is het stil. Bij daglicht blijkt het geknal verschillende ontploffingen van tanks te zijn geweest. De Duitsers deden dit omdat ze grondgebied verloren. De afgelopen dagen was het zo onrustig en\u2026","rel":"","context":"Soortgelijk bericht","block_context":{"text":"Soortgelijk bericht","link":""},"img":{"alt_text":"","src":"","width":0,"height":0},"classes":[]},{"id":1536,"url":"https:\/\/www.brokenwings.nl\/?page_id=1536","url_meta":{"origin":2488,"position":3},"title":"75 jaar (+2) bevrijding","author":"Gerrit","date":"21.03.2019","format":false,"excerpt":"Stichting Broken Wings\u00a0 \u201940 - \u201945 \u00a0\u2018geeft vrede een gezicht\u2019 Inzameling voorwerpen gerelateerd aan WOII voor Expositie 2020 In het kader van de viering 75 Jaar Vrijheid in 2020 bereidt stichting Broken Wings \u201940 - \u201945 een expositie voor waarin zij diverse aspecten wil belichten uit de meest donkere periode\u2026","rel":"","context":"Soortgelijk bericht","block_context":{"text":"Soortgelijk bericht","link":""},"img":{"alt_text":"","src":"https:\/\/i0.wp.com\/www.brokenwings.nl\/wp-content\/uploads\/2019\/03\/BW-logo.jpg?resize=350%2C200","width":350,"height":200},"classes":[]},{"id":1923,"url":"https:\/\/www.brokenwings.nl\/?page_id=1923","url_meta":{"origin":2488,"position":4},"title":"Onze activiteiten","author":"Gerrit","date":"08.10.2019","format":false,"excerpt":"Wie is en wat doet Stichting \u2018Broken Wings\u2019 ?\u00a0\u2028 Stichting \u2018Broken Wings\u2019, opgericht in 1997, stelt zich ten doel om hen, die tijdens de 2e Wereldoorlog hun leven gaven voor onze vrijheid, te eren en komende generaties te blijven herinneren aan de offers die zij brachten. \u2018Broken Wings\u2019 doet dit\u2026","rel":"","context":"Soortgelijk bericht","block_context":{"text":"Soortgelijk bericht","link":""},"img":{"alt_text":"","src":"","width":0,"height":0},"classes":[]},{"id":2265,"url":"https:\/\/www.brokenwings.nl\/?page_id=2265","url_meta":{"origin":2488,"position":5},"title":"Opening expositie &#8216;Helden in een vergeefse strijd&#8217;","author":"Gerrit","date":"10.03.2020","format":false,"excerpt":"Alle festiviteiten van Stichting Vrijheid in Gemeente Epe in het kader van 75 jaar Vrijheid zijn afgelast. Enkele activiteiten zullen mogelijk verplaatst worden naar een later tijdstip. Informatie hierover t.z.t. in lokale media. Opening Expositie Broken Wings In het kader van 75 jaar bevrijding was er vrijdag 6 maart de\u2026","rel":"","context":"Soortgelijk bericht","block_context":{"text":"Soortgelijk bericht","link":""},"img":{"alt_text":"","src":"","width":0,"height":0},"classes":[]}],"publishpress_future_action":{"enabled":false,"date":"2026-04-26 21:26:05","action":"change-status","newStatus":"draft","terms":[],"taxonomy":"","extraData":[]},"publishpress_future_workflow_manual_trigger":{"enabledWorkflows":[]},"_links":{"self":[{"href":"https:\/\/www.brokenwings.nl\/index.php?rest_route=\/wp\/v2\/pages\/2488","targetHints":{"allow":["GET"]}}],"collection":[{"href":"https:\/\/www.brokenwings.nl\/index.php?rest_route=\/wp\/v2\/pages"}],"about":[{"href":"https:\/\/www.brokenwings.nl\/index.php?rest_route=\/wp\/v2\/types\/page"}],"author":[{"embeddable":true,"href":"https:\/\/www.brokenwings.nl\/index.php?rest_route=\/wp\/v2\/users\/5"}],"replies":[{"embeddable":true,"href":"https:\/\/www.brokenwings.nl\/index.php?rest_route=%2Fwp%2Fv2%2Fcomments&post=2488"}],"version-history":[{"count":0,"href":"https:\/\/www.brokenwings.nl\/index.php?rest_route=\/wp\/v2\/pages\/2488\/revisions"}],"up":[{"embeddable":true,"href":"https:\/\/www.brokenwings.nl\/index.php?rest_route=\/wp\/v2\/pages\/16"}],"wp:attachment":[{"href":"https:\/\/www.brokenwings.nl\/index.php?rest_route=%2Fwp%2Fv2%2Fmedia&parent=2488"}],"curies":[{"name":"wp","href":"https:\/\/api.w.org\/{rel}","templated":true}]}}