{"id":3647,"date":"2022-05-16T13:16:47","date_gmt":"2022-05-16T12:16:47","guid":{"rendered":"http:\/\/www.brokenwings.nl\/?page_id=3647"},"modified":"2023-08-24T13:09:05","modified_gmt":"2023-08-24T12:09:05","slug":"erebogen-bevrijdingsfeesten-augustus-1945","status":"publish","type":"page","link":"https:\/\/www.brokenwings.nl\/?page_id=3647","title":{"rendered":"Erebogen bevrijdingsfeesten augustus  1945"},"content":{"rendered":"<p>(verteld door Emma van der He\u0133den, vr\u0133willigster b\u0133 stichting Broken Wings)<\/p>\n<p>We zitten ongeveer 133 dagen na de bevrijding van de gemeente Epe. De verjaardag van Koningin Wilhelmina wordt groots gevierd in de gemeente Epe. Zo worden er over verschillende dagen activiteiten georganiseerd, sportprogramma\u2019s, volksspellen, een kermis, vuurwerk en nog veel meer. Op donderdag 30 augustus zijn verschillende<br \/>\nbeeldende optochten gehouden. Thema\u2019s zijn oorlog, hongerwinter en zomer \u201945. De straten zijn in de gehele gemeente versierd in de kleuren: rood, wit, blauw en oranje! Daarnaast staan er in verschillende straten erebogen die de vrijheid weergaven. (Foto MVH).<\/p>\n<p><a href=\"https:\/\/i0.wp.com\/www.brokenwings.nl\/wp-content\/uploads\/2022\/05\/BW-ereboog-1949.png?ssl=1\"><img data-recalc-dims=\"1\" decoding=\"async\" src=\"https:\/\/i0.wp.com\/www.brokenwings.nl\/wp-content\/uploads\/2022\/05\/BW-ereboog-1949-160x160.png?resize=160%2C160&#038;ssl=1\" alt=\"\" width=\"160\" height=\"160\" class=\"alignright size-thumbnail wp-image-3653\" \/><\/a>Erebogen kennen een lange historie. Ze worden opgebouwd om aan te geven dat er een bruidspaar of feest is. Een ereboog is gemaakt van natuurlijke producten, zoals jeneverbestakken. Deze takken worden dan weer versierd met papieren roosjes. In het midden van de boog hangt een bordje met een tekst die past bij de gelegenheid. Ook in de gemeente Epe stonden verschillende erebogen. Elke buurt maakte een ereboog ter gelegenheid van de bevrijding en de verjaardag van Koningin Wilhelmina. Zo stonden er erebogen in Vaassen aan de Apeldoornseweg en de Jonasweg en in Epe aan de Beekstraat en de Tongerenseweg. Tijdens de bevrijdingsfeesten en Oranjefeesten werden er prijzen uitgereikt, waaronder de mooist versierde straat. Mede hierdoor was alles uit de kast gehaald en werden de straten rood, wit, blauw en oranje gekleurd.<br \/>\nHet was een en al saamhorigheid en pracht en praal. De bevrijdingserebogen willen wij nu, 77 jaar later, eren. De afgelopen weken is er druk gewerkt om een boog na temaken. De ereboog is te bekijken in Museum Vaassen Historie.<\/p>\n<p>Het museum is op op donderdag en vrijdag van 13.30 tot 16.30 uur en zaterdag van 11.00 tot 16.00 uur. Ook donderdag 5 mei is het museum open. Een mooie dag om op Bevrijdingsdag<br \/>\nde expositie over de periode \u201940-\u201945 inhet Broken Wings deel van het museum te gaan zien.<\/p>\n","protected":false},"excerpt":{"rendered":"<p>(verteld door Emma van der He\u0133den, vr\u0133willigster b\u0133 stichting Broken Wings) We zitten ongeveer 133 dagen na de bevrijding van de gemeente Epe. De verjaardag van Koningin Wilhelmina wordt groots gevierd in de gemeente Epe. Zo worden er over verschillende &hellip; <a href=\"https:\/\/www.brokenwings.nl\/?page_id=3647\">Lees verder <span class=\"meta-nav\">&rarr;<\/span><\/a><\/p>\n","protected":false},"author":5,"featured_media":0,"parent":2967,"menu_order":6,"comment_status":"closed","ping_status":"closed","template":"","meta":{"_mc_calendar":[],"footnotes":""},"class_list":["post-3647","page","type-page","status-publish","hentry"],"yoast_head":"<!-- This site is optimized with the Yoast SEO plugin v26.8 - https:\/\/yoast.com\/product\/yoast-seo-wordpress\/ -->\n<title>Erebogen bevrijdingsfeesten augustus 1945 -<\/title>\n<meta name=\"robots\" content=\"index, follow, max-snippet:-1, max-image-preview:large, max-video-preview:-1\" \/>\n<link rel=\"canonical\" href=\"https:\/\/www.brokenwings.nl\/?page_id=3647\" \/>\n<meta property=\"og:locale\" content=\"nl_NL\" \/>\n<meta property=\"og:type\" content=\"article\" \/>\n<meta property=\"og:title\" content=\"Erebogen bevrijdingsfeesten augustus 1945 -\" \/>\n<meta property=\"og:description\" content=\"(verteld door Emma van der He\u0133den, vr\u0133willigster b\u0133 stichting Broken Wings) We zitten ongeveer 133 dagen na de bevrijding van de gemeente Epe. De verjaardag van Koningin Wilhelmina wordt groots gevierd in de gemeente Epe. Zo worden er over verschillende &hellip; Lees verder &rarr;\" \/>\n<meta property=\"og:url\" content=\"https:\/\/www.brokenwings.nl\/?page_id=3647\" \/>\n<meta property=\"article:publisher\" content=\"https:\/\/www.facebook.com\/StichtingBrokenWings\/\" \/>\n<meta property=\"article:modified_time\" content=\"2023-08-24T12:09:05+00:00\" \/>\n<meta property=\"og:image\" content=\"http:\/\/www.brokenwings.nl\/wp-content\/uploads\/2022\/05\/BW-ereboog-1949-160x160.png\" \/>\n<meta name=\"twitter:card\" content=\"summary_large_image\" \/>\n<meta name=\"twitter:label1\" content=\"Geschatte leestijd\" \/>\n\t<meta name=\"twitter:data1\" content=\"2 minuten\" \/>\n<script type=\"application\/ld+json\" class=\"yoast-schema-graph\">{\"@context\":\"https:\/\/schema.org\",\"@graph\":[{\"@type\":\"WebPage\",\"@id\":\"https:\/\/www.brokenwings.nl\/?page_id=3647\",\"url\":\"https:\/\/www.brokenwings.nl\/?page_id=3647\",\"name\":\"Erebogen bevrijdingsfeesten augustus 1945 -\",\"isPartOf\":{\"@id\":\"https:\/\/www.brokenwings.nl\/#website\"},\"primaryImageOfPage\":{\"@id\":\"https:\/\/www.brokenwings.nl\/?page_id=3647#primaryimage\"},\"image\":{\"@id\":\"https:\/\/www.brokenwings.nl\/?page_id=3647#primaryimage\"},\"thumbnailUrl\":\"http:\/\/www.brokenwings.nl\/wp-content\/uploads\/2022\/05\/BW-ereboog-1949-160x160.png\",\"datePublished\":\"2022-05-16T12:16:47+00:00\",\"dateModified\":\"2023-08-24T12:09:05+00:00\",\"breadcrumb\":{\"@id\":\"https:\/\/www.brokenwings.nl\/?page_id=3647#breadcrumb\"},\"inLanguage\":\"nl-NL\",\"potentialAction\":[{\"@type\":\"ReadAction\",\"target\":[\"https:\/\/www.brokenwings.nl\/?page_id=3647\"]}]},{\"@type\":\"ImageObject\",\"inLanguage\":\"nl-NL\",\"@id\":\"https:\/\/www.brokenwings.nl\/?page_id=3647#primaryimage\",\"url\":\"http:\/\/www.brokenwings.nl\/wp-content\/uploads\/2022\/05\/BW-ereboog-1949-160x160.png\",\"contentUrl\":\"http:\/\/www.brokenwings.nl\/wp-content\/uploads\/2022\/05\/BW-ereboog-1949-160x160.png\"},{\"@type\":\"BreadcrumbList\",\"@id\":\"https:\/\/www.brokenwings.nl\/?page_id=3647#breadcrumb\",\"itemListElement\":[{\"@type\":\"ListItem\",\"position\":1,\"name\":\"Home\",\"item\":\"https:\/\/www.brokenwings.nl\/\"},{\"@type\":\"ListItem\",\"position\":2,\"name\":\"Verhalen gemeente Epe WOll\",\"item\":\"https:\/\/www.brokenwings.nl\/?page_id=2967\"},{\"@type\":\"ListItem\",\"position\":3,\"name\":\"Erebogen bevrijdingsfeesten augustus 1945\"}]},{\"@type\":\"WebSite\",\"@id\":\"https:\/\/www.brokenwings.nl\/#website\",\"url\":\"https:\/\/www.brokenwings.nl\/\",\"name\":\"www.brokenwings.nl\",\"description\":\"\",\"publisher\":{\"@id\":\"https:\/\/www.brokenwings.nl\/#organization\"},\"potentialAction\":[{\"@type\":\"SearchAction\",\"target\":{\"@type\":\"EntryPoint\",\"urlTemplate\":\"https:\/\/www.brokenwings.nl\/?s={search_term_string}\"},\"query-input\":{\"@type\":\"PropertyValueSpecification\",\"valueRequired\":true,\"valueName\":\"search_term_string\"}}],\"inLanguage\":\"nl-NL\"},{\"@type\":\"Organization\",\"@id\":\"https:\/\/www.brokenwings.nl\/#organization\",\"name\":\"Stichting Broken Wings\",\"url\":\"https:\/\/www.brokenwings.nl\/\",\"logo\":{\"@type\":\"ImageObject\",\"inLanguage\":\"nl-NL\",\"@id\":\"https:\/\/www.brokenwings.nl\/#\/schema\/logo\/image\/\",\"url\":\"https:\/\/i0.wp.com\/www.brokenwings.nl\/wp-content\/uploads\/2023\/09\/NWE-logo-Broken-Wings.jpg?fit=199%2C136&ssl=1\",\"contentUrl\":\"https:\/\/i0.wp.com\/www.brokenwings.nl\/wp-content\/uploads\/2023\/09\/NWE-logo-Broken-Wings.jpg?fit=199%2C136&ssl=1\",\"width\":199,\"height\":136,\"caption\":\"Stichting Broken Wings\"},\"image\":{\"@id\":\"https:\/\/www.brokenwings.nl\/#\/schema\/logo\/image\/\"},\"sameAs\":[\"https:\/\/www.facebook.com\/StichtingBrokenWings\/\"]}]}<\/script>\n<!-- \/ Yoast SEO plugin. -->","yoast_head_json":{"title":"Erebogen bevrijdingsfeesten augustus 1945 -","robots":{"index":"index","follow":"follow","max-snippet":"max-snippet:-1","max-image-preview":"max-image-preview:large","max-video-preview":"max-video-preview:-1"},"canonical":"https:\/\/www.brokenwings.nl\/?page_id=3647","og_locale":"nl_NL","og_type":"article","og_title":"Erebogen bevrijdingsfeesten augustus 1945 -","og_description":"(verteld door Emma van der He\u0133den, vr\u0133willigster b\u0133 stichting Broken Wings) We zitten ongeveer 133 dagen na de bevrijding van de gemeente Epe. De verjaardag van Koningin Wilhelmina wordt groots gevierd in de gemeente Epe. Zo worden er over verschillende &hellip; Lees verder &rarr;","og_url":"https:\/\/www.brokenwings.nl\/?page_id=3647","article_publisher":"https:\/\/www.facebook.com\/StichtingBrokenWings\/","article_modified_time":"2023-08-24T12:09:05+00:00","og_image":[{"url":"http:\/\/www.brokenwings.nl\/wp-content\/uploads\/2022\/05\/BW-ereboog-1949-160x160.png","type":"","width":"","height":""}],"twitter_card":"summary_large_image","twitter_misc":{"Geschatte leestijd":"2 minuten"},"schema":{"@context":"https:\/\/schema.org","@graph":[{"@type":"WebPage","@id":"https:\/\/www.brokenwings.nl\/?page_id=3647","url":"https:\/\/www.brokenwings.nl\/?page_id=3647","name":"Erebogen bevrijdingsfeesten augustus 1945 -","isPartOf":{"@id":"https:\/\/www.brokenwings.nl\/#website"},"primaryImageOfPage":{"@id":"https:\/\/www.brokenwings.nl\/?page_id=3647#primaryimage"},"image":{"@id":"https:\/\/www.brokenwings.nl\/?page_id=3647#primaryimage"},"thumbnailUrl":"http:\/\/www.brokenwings.nl\/wp-content\/uploads\/2022\/05\/BW-ereboog-1949-160x160.png","datePublished":"2022-05-16T12:16:47+00:00","dateModified":"2023-08-24T12:09:05+00:00","breadcrumb":{"@id":"https:\/\/www.brokenwings.nl\/?page_id=3647#breadcrumb"},"inLanguage":"nl-NL","potentialAction":[{"@type":"ReadAction","target":["https:\/\/www.brokenwings.nl\/?page_id=3647"]}]},{"@type":"ImageObject","inLanguage":"nl-NL","@id":"https:\/\/www.brokenwings.nl\/?page_id=3647#primaryimage","url":"http:\/\/www.brokenwings.nl\/wp-content\/uploads\/2022\/05\/BW-ereboog-1949-160x160.png","contentUrl":"http:\/\/www.brokenwings.nl\/wp-content\/uploads\/2022\/05\/BW-ereboog-1949-160x160.png"},{"@type":"BreadcrumbList","@id":"https:\/\/www.brokenwings.nl\/?page_id=3647#breadcrumb","itemListElement":[{"@type":"ListItem","position":1,"name":"Home","item":"https:\/\/www.brokenwings.nl\/"},{"@type":"ListItem","position":2,"name":"Verhalen gemeente Epe WOll","item":"https:\/\/www.brokenwings.nl\/?page_id=2967"},{"@type":"ListItem","position":3,"name":"Erebogen bevrijdingsfeesten augustus 1945"}]},{"@type":"WebSite","@id":"https:\/\/www.brokenwings.nl\/#website","url":"https:\/\/www.brokenwings.nl\/","name":"www.brokenwings.nl","description":"","publisher":{"@id":"https:\/\/www.brokenwings.nl\/#organization"},"potentialAction":[{"@type":"SearchAction","target":{"@type":"EntryPoint","urlTemplate":"https:\/\/www.brokenwings.nl\/?s={search_term_string}"},"query-input":{"@type":"PropertyValueSpecification","valueRequired":true,"valueName":"search_term_string"}}],"inLanguage":"nl-NL"},{"@type":"Organization","@id":"https:\/\/www.brokenwings.nl\/#organization","name":"Stichting Broken Wings","url":"https:\/\/www.brokenwings.nl\/","logo":{"@type":"ImageObject","inLanguage":"nl-NL","@id":"https:\/\/www.brokenwings.nl\/#\/schema\/logo\/image\/","url":"https:\/\/i0.wp.com\/www.brokenwings.nl\/wp-content\/uploads\/2023\/09\/NWE-logo-Broken-Wings.jpg?fit=199%2C136&ssl=1","contentUrl":"https:\/\/i0.wp.com\/www.brokenwings.nl\/wp-content\/uploads\/2023\/09\/NWE-logo-Broken-Wings.jpg?fit=199%2C136&ssl=1","width":199,"height":136,"caption":"Stichting Broken Wings"},"image":{"@id":"https:\/\/www.brokenwings.nl\/#\/schema\/logo\/image\/"},"sameAs":["https:\/\/www.facebook.com\/StichtingBrokenWings\/"]}]}},"jetpack_shortlink":"https:\/\/wp.me\/P43ycQ-WP","jetpack_sharing_enabled":true,"jetpack-related-posts":[{"id":2967,"url":"https:\/\/www.brokenwings.nl\/?page_id=2967","url_meta":{"origin":3647,"position":0},"title":"Verhalen gemeente Epe WOll","author":"Gerrit","date":"07.05.2021","format":false,"excerpt":"Verhalen uit de gemeente Epe tijdens de WOll. Onderwerpen: Gedenkzuilen: de verhalen Hans en Grietje Stokkink Bevrijding Vaassen 17 april 1945 Moord op Adriaan Rudolf Pieter MEES De vergeten Amerikanen Amerikanen David Griffin, 101 jaar BW David Griffin 101 jaar Erebogen bevrijdingsfeesten augustus 1945 Erebogen bevrijdingsfeesten augustus 1945 Tentenkamp mei\u2026","rel":"","context":"Soortgelijk bericht","block_context":{"text":"Soortgelijk bericht","link":""},"img":{"alt_text":"","src":"","width":0,"height":0},"classes":[]},{"id":6380,"url":"https:\/\/www.brokenwings.nl\/?page_id=6380","url_meta":{"origin":3647,"position":1},"title":"80 jaar vrijheid gemeente Epe","author":"Gerrit","date":"20.10.2025","format":false,"excerpt":"Voeg je koptekst hier toe","rel":"","context":"Soortgelijk bericht","block_context":{"text":"Soortgelijk bericht","link":""},"img":{"alt_text":"","src":"","width":0,"height":0},"classes":[]},{"id":3175,"url":"https:\/\/www.brokenwings.nl\/?page_id=3175","url_meta":{"origin":3647,"position":2},"title":"Stolpersteiner Epe","author":"Gerrit","date":"13.10.2021","format":false,"excerpt":"Klik hier","rel":"","context":"Soortgelijk bericht","block_context":{"text":"Soortgelijk bericht","link":""},"img":{"alt_text":"","src":"https:\/\/i0.wp.com\/www.brokenwings.nl\/wp-content\/uploads\/2021\/10\/0001-362x512.jpg?resize=350%2C200","width":350,"height":200},"classes":[]},{"id":3061,"url":"https:\/\/www.brokenwings.nl\/?page_id=3061","url_meta":{"origin":3647,"position":3},"title":"Stolpersteine","author":"Gerrit","date":"04.10.2021","format":false,"excerpt":"\u00a0 Informatie over STOLPERSTEINE in het dorp Epe Stichting BROKEN WINGS \u201940-\u201845 \u00a0 Lees hier informatie STOLPERSTEINE in Epe Lees hier route Stolpesteine Epe \u00a0","rel":"","context":"Soortgelijk bericht","block_context":{"text":"Soortgelijk bericht","link":""},"img":{"alt_text":"","src":"https:\/\/i0.wp.com\/www.brokenwings.nl\/wp-content\/uploads\/2021\/10\/Stolpersteine-Epe-160x160.png?resize=350%2C200","width":350,"height":200},"classes":[]},{"id":3099,"url":"https:\/\/www.brokenwings.nl\/?page_id=3099","url_meta":{"origin":3647,"position":4},"title":"Persbericht Stolpersteine","author":"Gerrit","date":"11.10.2021","format":false,"excerpt":"Herdenkingsbijeenkomst Grote Kerk Epe Op 7 oktober zal om 14.00 uur een herdenkingsbijeenkomst plaatsvinden voor de Joodse inwoners uit de plaats Epe die in de Tweede Wereldoorlog zijn vermoord of gevlucht zijn in de dood. Lees hier het hele Persbericht","rel":"","context":"Soortgelijk bericht","block_context":{"text":"Soortgelijk bericht","link":""},"img":{"alt_text":"","src":"","width":0,"height":0},"classes":[]},{"id":1536,"url":"https:\/\/www.brokenwings.nl\/?page_id=1536","url_meta":{"origin":3647,"position":5},"title":"75 jaar (+2) bevrijding","author":"Gerrit","date":"21.03.2019","format":false,"excerpt":"Stichting Broken Wings\u00a0 \u201940 - \u201945 \u00a0\u2018geeft vrede een gezicht\u2019 Inzameling voorwerpen gerelateerd aan WOII voor Expositie 2020 In het kader van de viering 75 Jaar Vrijheid in 2020 bereidt stichting Broken Wings \u201940 - \u201945 een expositie voor waarin zij diverse aspecten wil belichten uit de meest donkere periode\u2026","rel":"","context":"Soortgelijk bericht","block_context":{"text":"Soortgelijk bericht","link":""},"img":{"alt_text":"","src":"https:\/\/i0.wp.com\/www.brokenwings.nl\/wp-content\/uploads\/2019\/03\/BW-logo.jpg?resize=350%2C200","width":350,"height":200},"classes":[]}],"publishpress_future_action":{"enabled":false,"date":"2026-05-23 17:35:34","action":"change-status","newStatus":"draft","terms":[],"taxonomy":"","extraData":[]},"publishpress_future_workflow_manual_trigger":{"enabledWorkflows":[]},"_links":{"self":[{"href":"https:\/\/www.brokenwings.nl\/index.php?rest_route=\/wp\/v2\/pages\/3647","targetHints":{"allow":["GET"]}}],"collection":[{"href":"https:\/\/www.brokenwings.nl\/index.php?rest_route=\/wp\/v2\/pages"}],"about":[{"href":"https:\/\/www.brokenwings.nl\/index.php?rest_route=\/wp\/v2\/types\/page"}],"author":[{"embeddable":true,"href":"https:\/\/www.brokenwings.nl\/index.php?rest_route=\/wp\/v2\/users\/5"}],"replies":[{"embeddable":true,"href":"https:\/\/www.brokenwings.nl\/index.php?rest_route=%2Fwp%2Fv2%2Fcomments&post=3647"}],"version-history":[{"count":0,"href":"https:\/\/www.brokenwings.nl\/index.php?rest_route=\/wp\/v2\/pages\/3647\/revisions"}],"up":[{"embeddable":true,"href":"https:\/\/www.brokenwings.nl\/index.php?rest_route=\/wp\/v2\/pages\/2967"}],"wp:attachment":[{"href":"https:\/\/www.brokenwings.nl\/index.php?rest_route=%2Fwp%2Fv2%2Fmedia&parent=3647"}],"curies":[{"name":"wp","href":"https:\/\/api.w.org\/{rel}","templated":true}]}}