{"id":4360,"date":"2023-05-05T14:18:13","date_gmt":"2023-05-05T13:18:13","guid":{"rendered":"https:\/\/www.brokenwings.nl\/?page_id=4360"},"modified":"2023-11-02T16:06:04","modified_gmt":"2023-11-02T15:06:04","slug":"gortelherdenking-2023","status":"publish","type":"page","link":"https:\/\/www.brokenwings.nl\/?page_id=4360","title":{"rendered":"Gortelherdenking 2023"},"content":{"rendered":"\n<p>T for Tommy herdenking 2023<\/p>\n\n\n\n<p>Broken Wings op de bres voor vrede, vrijheid en veiligheid<br><br><strong>Het is inmiddels een goede traditie dat velen uit de directe omgeving van Vaassen en Gortel ieder jaar bij elkaar komen bij het T for Tommy monument aan het Veenwegje te Gortel.<\/strong><\/p>\n\n\n<div class=\"wp-block-image\">\n<figure class=\"aligncenter size-large\"><img data-recalc-dims=\"1\" height=\"384\" width=\"512\" decoding=\"async\" src=\"https:\/\/i0.wp.com\/www.brokenwings.nl\/wp-content\/uploads\/2023\/05\/Herdenking-Gortel-2023.jpg?resize=512%2C384&#038;ssl=1\" alt=\"\" class=\"wp-image-4356\"\/><\/figure>\n<\/div>\n\n\n<p>Rond de tijd dat wij in Nederland onze doden herdenken en vieren dat wij in 1945 onze vrijheid herwonnen organiseert stichting Broken Wings op deze plek namelijk de jaarlijkse herdenking ter nagedachtenis aan de 6 jonge vliegers wier leven op 16 december 1942 abrupt werd afgebroken toen hun vliegtuig hier neerstortte nadat het in de lucht door de vijand was getroffen.<br>Daar de voor zaterdag 22 april geplande herdenking vanwege ongunstige weersomstandigheden helaas moest worden afgelast, wil Broken Wings met de woorden die voorzitter Adrie Pol had willen uitspreken benadrukken hoe belangrijk het ook in onze tijd blijft om te herdenken:<\/p>\n\n\n\n<p><em>\u201cOp 24 februari was het een jaar geleden dat de bevolking van Oekra\u00efne Russische leger van drie kanten Oekra\u00efne binnenviel. Er woedt al bijna eerden de Oekra\u00efense bevolking 400 dagen oorlog op het Europese continent. Sindsdien hebben 8 miljoen Oekra\u00efners hun land verlaten, zijn tienduizenden doden gevallen en is deze oorlog verre van voorbij. Het verleden lijkt zich te herhalen. En ook deze oorlog zal geen winnaar kennen. Ik spreek de hoop uit dat aan deze waanzin snel een einde komt en het democratische recht op vrijheid terugkrijgt. Laten wij samen met de geallieerden de Oekrainse bevolking steunen door hen liefdevol te blijven opvangen, hun kinderen en scholing aan te bieden en het voor degenen die kunnen en willen werken mogelijk te maken.<br>Onze vrijheid vervult ons met dankbaarheid maar tegelijkertijd beseffen we hoe fragiel en kostbaar vrijheid is en bepaald niet vanzelfsprekend is.<\/em><\/p>\n\n\n\n<p><em>Het geeft Broken Wings een extra stimulans om met dergelijke herdenkingen niet alleen stil te staan bij de inzet en het ultieme offer van de moedige geallieerde vliegers van destijds maar ook om de boodschap van vrede, vrijheid en veiligheid nu en in de toekomst te blijven doorgeven.\u201d<\/em><\/p>\n\n\n\n<p><a href=\"https:\/\/www.brokenwings.nl\/?p=4345\">https:\/\/<\/a>www<a href=\"https:\/\/www.brokenwings.nl\/?p=4345\">.brokenwings.nl\/?p=4345<\/a><\/p>\n","protected":false},"excerpt":{"rendered":"<p>T for Tommy herdenking 2023 Broken Wings op de bres voor vrede, vrijheid en veiligheid Het is inmiddels een goede traditie dat velen uit de directe omgeving van Vaassen en Gortel ieder jaar bij elkaar komen bij het T for &hellip; <a href=\"https:\/\/www.brokenwings.nl\/?page_id=4360\">Lees verder <span class=\"meta-nav\">&rarr;<\/span><\/a><\/p>\n","protected":false},"author":5,"featured_media":0,"parent":16,"menu_order":0,"comment_status":"closed","ping_status":"closed","template":"","meta":{"_mc_calendar":[],"footnotes":""},"class_list":["post-4360","page","type-page","status-publish","hentry"],"yoast_head":"<!-- This site is optimized with the Yoast SEO plugin v26.8 - https:\/\/yoast.com\/product\/yoast-seo-wordpress\/ -->\n<title>Gortelherdenking 2023 -<\/title>\n<meta name=\"robots\" content=\"index, follow, max-snippet:-1, max-image-preview:large, max-video-preview:-1\" \/>\n<link rel=\"canonical\" href=\"https:\/\/www.brokenwings.nl\/?page_id=4360\" \/>\n<meta property=\"og:locale\" content=\"nl_NL\" \/>\n<meta property=\"og:type\" content=\"article\" \/>\n<meta property=\"og:title\" content=\"Gortelherdenking 2023 -\" \/>\n<meta property=\"og:description\" content=\"T for Tommy herdenking 2023 Broken Wings op de bres voor vrede, vrijheid en veiligheid Het is inmiddels een goede traditie dat velen uit de directe omgeving van Vaassen en Gortel ieder jaar bij elkaar komen bij het T for &hellip; Lees verder &rarr;\" \/>\n<meta property=\"og:url\" content=\"https:\/\/www.brokenwings.nl\/?page_id=4360\" \/>\n<meta property=\"article:publisher\" content=\"https:\/\/www.facebook.com\/StichtingBrokenWings\/\" \/>\n<meta property=\"article:modified_time\" content=\"2023-11-02T15:06:04+00:00\" \/>\n<meta property=\"og:image\" content=\"https:\/\/www.brokenwings.nl\/wp-content\/uploads\/2023\/05\/Herdenking-Gortel-2023-512x384.jpg\" \/>\n<meta name=\"twitter:card\" content=\"summary_large_image\" \/>\n<meta name=\"twitter:label1\" content=\"Geschatte leestijd\" \/>\n\t<meta name=\"twitter:data1\" content=\"2 minuten\" \/>\n<script type=\"application\/ld+json\" class=\"yoast-schema-graph\">{\"@context\":\"https:\/\/schema.org\",\"@graph\":[{\"@type\":\"WebPage\",\"@id\":\"https:\/\/www.brokenwings.nl\/?page_id=4360\",\"url\":\"https:\/\/www.brokenwings.nl\/?page_id=4360\",\"name\":\"Gortelherdenking 2023 -\",\"isPartOf\":{\"@id\":\"https:\/\/www.brokenwings.nl\/#website\"},\"primaryImageOfPage\":{\"@id\":\"https:\/\/www.brokenwings.nl\/?page_id=4360#primaryimage\"},\"image\":{\"@id\":\"https:\/\/www.brokenwings.nl\/?page_id=4360#primaryimage\"},\"thumbnailUrl\":\"https:\/\/www.brokenwings.nl\/wp-content\/uploads\/2023\/05\/Herdenking-Gortel-2023-512x384.jpg\",\"datePublished\":\"2023-05-05T13:18:13+00:00\",\"dateModified\":\"2023-11-02T15:06:04+00:00\",\"breadcrumb\":{\"@id\":\"https:\/\/www.brokenwings.nl\/?page_id=4360#breadcrumb\"},\"inLanguage\":\"nl-NL\",\"potentialAction\":[{\"@type\":\"ReadAction\",\"target\":[\"https:\/\/www.brokenwings.nl\/?page_id=4360\"]}]},{\"@type\":\"ImageObject\",\"inLanguage\":\"nl-NL\",\"@id\":\"https:\/\/www.brokenwings.nl\/?page_id=4360#primaryimage\",\"url\":\"https:\/\/www.brokenwings.nl\/wp-content\/uploads\/2023\/05\/Herdenking-Gortel-2023-512x384.jpg\",\"contentUrl\":\"https:\/\/www.brokenwings.nl\/wp-content\/uploads\/2023\/05\/Herdenking-Gortel-2023-512x384.jpg\"},{\"@type\":\"BreadcrumbList\",\"@id\":\"https:\/\/www.brokenwings.nl\/?page_id=4360#breadcrumb\",\"itemListElement\":[{\"@type\":\"ListItem\",\"position\":1,\"name\":\"Home\",\"item\":\"https:\/\/www.brokenwings.nl\/\"},{\"@type\":\"ListItem\",\"position\":2,\"name\":\"Historie\",\"item\":\"https:\/\/www.brokenwings.nl\/?page_id=16\"},{\"@type\":\"ListItem\",\"position\":3,\"name\":\"Gortelherdenking 2023\"}]},{\"@type\":\"WebSite\",\"@id\":\"https:\/\/www.brokenwings.nl\/#website\",\"url\":\"https:\/\/www.brokenwings.nl\/\",\"name\":\"www.brokenwings.nl\",\"description\":\"\",\"publisher\":{\"@id\":\"https:\/\/www.brokenwings.nl\/#organization\"},\"potentialAction\":[{\"@type\":\"SearchAction\",\"target\":{\"@type\":\"EntryPoint\",\"urlTemplate\":\"https:\/\/www.brokenwings.nl\/?s={search_term_string}\"},\"query-input\":{\"@type\":\"PropertyValueSpecification\",\"valueRequired\":true,\"valueName\":\"search_term_string\"}}],\"inLanguage\":\"nl-NL\"},{\"@type\":\"Organization\",\"@id\":\"https:\/\/www.brokenwings.nl\/#organization\",\"name\":\"Stichting Broken Wings\",\"url\":\"https:\/\/www.brokenwings.nl\/\",\"logo\":{\"@type\":\"ImageObject\",\"inLanguage\":\"nl-NL\",\"@id\":\"https:\/\/www.brokenwings.nl\/#\/schema\/logo\/image\/\",\"url\":\"https:\/\/i0.wp.com\/www.brokenwings.nl\/wp-content\/uploads\/2023\/09\/NWE-logo-Broken-Wings.jpg?fit=199%2C136&ssl=1\",\"contentUrl\":\"https:\/\/i0.wp.com\/www.brokenwings.nl\/wp-content\/uploads\/2023\/09\/NWE-logo-Broken-Wings.jpg?fit=199%2C136&ssl=1\",\"width\":199,\"height\":136,\"caption\":\"Stichting Broken Wings\"},\"image\":{\"@id\":\"https:\/\/www.brokenwings.nl\/#\/schema\/logo\/image\/\"},\"sameAs\":[\"https:\/\/www.facebook.com\/StichtingBrokenWings\/\"]}]}<\/script>\n<!-- \/ Yoast SEO plugin. -->","yoast_head_json":{"title":"Gortelherdenking 2023 -","robots":{"index":"index","follow":"follow","max-snippet":"max-snippet:-1","max-image-preview":"max-image-preview:large","max-video-preview":"max-video-preview:-1"},"canonical":"https:\/\/www.brokenwings.nl\/?page_id=4360","og_locale":"nl_NL","og_type":"article","og_title":"Gortelherdenking 2023 -","og_description":"T for Tommy herdenking 2023 Broken Wings op de bres voor vrede, vrijheid en veiligheid Het is inmiddels een goede traditie dat velen uit de directe omgeving van Vaassen en Gortel ieder jaar bij elkaar komen bij het T for &hellip; Lees verder &rarr;","og_url":"https:\/\/www.brokenwings.nl\/?page_id=4360","article_publisher":"https:\/\/www.facebook.com\/StichtingBrokenWings\/","article_modified_time":"2023-11-02T15:06:04+00:00","og_image":[{"url":"https:\/\/www.brokenwings.nl\/wp-content\/uploads\/2023\/05\/Herdenking-Gortel-2023-512x384.jpg","type":"","width":"","height":""}],"twitter_card":"summary_large_image","twitter_misc":{"Geschatte leestijd":"2 minuten"},"schema":{"@context":"https:\/\/schema.org","@graph":[{"@type":"WebPage","@id":"https:\/\/www.brokenwings.nl\/?page_id=4360","url":"https:\/\/www.brokenwings.nl\/?page_id=4360","name":"Gortelherdenking 2023 -","isPartOf":{"@id":"https:\/\/www.brokenwings.nl\/#website"},"primaryImageOfPage":{"@id":"https:\/\/www.brokenwings.nl\/?page_id=4360#primaryimage"},"image":{"@id":"https:\/\/www.brokenwings.nl\/?page_id=4360#primaryimage"},"thumbnailUrl":"https:\/\/www.brokenwings.nl\/wp-content\/uploads\/2023\/05\/Herdenking-Gortel-2023-512x384.jpg","datePublished":"2023-05-05T13:18:13+00:00","dateModified":"2023-11-02T15:06:04+00:00","breadcrumb":{"@id":"https:\/\/www.brokenwings.nl\/?page_id=4360#breadcrumb"},"inLanguage":"nl-NL","potentialAction":[{"@type":"ReadAction","target":["https:\/\/www.brokenwings.nl\/?page_id=4360"]}]},{"@type":"ImageObject","inLanguage":"nl-NL","@id":"https:\/\/www.brokenwings.nl\/?page_id=4360#primaryimage","url":"https:\/\/www.brokenwings.nl\/wp-content\/uploads\/2023\/05\/Herdenking-Gortel-2023-512x384.jpg","contentUrl":"https:\/\/www.brokenwings.nl\/wp-content\/uploads\/2023\/05\/Herdenking-Gortel-2023-512x384.jpg"},{"@type":"BreadcrumbList","@id":"https:\/\/www.brokenwings.nl\/?page_id=4360#breadcrumb","itemListElement":[{"@type":"ListItem","position":1,"name":"Home","item":"https:\/\/www.brokenwings.nl\/"},{"@type":"ListItem","position":2,"name":"Historie","item":"https:\/\/www.brokenwings.nl\/?page_id=16"},{"@type":"ListItem","position":3,"name":"Gortelherdenking 2023"}]},{"@type":"WebSite","@id":"https:\/\/www.brokenwings.nl\/#website","url":"https:\/\/www.brokenwings.nl\/","name":"www.brokenwings.nl","description":"","publisher":{"@id":"https:\/\/www.brokenwings.nl\/#organization"},"potentialAction":[{"@type":"SearchAction","target":{"@type":"EntryPoint","urlTemplate":"https:\/\/www.brokenwings.nl\/?s={search_term_string}"},"query-input":{"@type":"PropertyValueSpecification","valueRequired":true,"valueName":"search_term_string"}}],"inLanguage":"nl-NL"},{"@type":"Organization","@id":"https:\/\/www.brokenwings.nl\/#organization","name":"Stichting Broken Wings","url":"https:\/\/www.brokenwings.nl\/","logo":{"@type":"ImageObject","inLanguage":"nl-NL","@id":"https:\/\/www.brokenwings.nl\/#\/schema\/logo\/image\/","url":"https:\/\/i0.wp.com\/www.brokenwings.nl\/wp-content\/uploads\/2023\/09\/NWE-logo-Broken-Wings.jpg?fit=199%2C136&ssl=1","contentUrl":"https:\/\/i0.wp.com\/www.brokenwings.nl\/wp-content\/uploads\/2023\/09\/NWE-logo-Broken-Wings.jpg?fit=199%2C136&ssl=1","width":199,"height":136,"caption":"Stichting Broken Wings"},"image":{"@id":"https:\/\/www.brokenwings.nl\/#\/schema\/logo\/image\/"},"sameAs":["https:\/\/www.facebook.com\/StichtingBrokenWings\/"]}]}},"jetpack_shortlink":"https:\/\/wp.me\/P43ycQ-18k","jetpack_sharing_enabled":true,"jetpack-related-posts":[{"id":4742,"url":"https:\/\/www.brokenwings.nl\/?page_id=4742","url_meta":{"origin":4360,"position":0},"title":"Gortel herdenking 2025","author":"Gerrit","date":"15.04.2024","format":false,"excerpt":"Op zaterdag 12 april 2025 vind de jaarlijkse herdenking plaats bij het T for Tommy monument aan het Veenwegje in Gortel. De herdenking wordt georganiseerd door stichting Broken Wings i.s.m. Vereniging Gortel-Niersen ternagedachtenis aan de bemanning van de Short Stirling R9168, die op 16 december 1942 neerstortte in het Gortelse\u2026","rel":"","context":"Soortgelijk bericht","block_context":{"text":"Soortgelijk bericht","link":""},"img":{"alt_text":"","src":"","width":0,"height":0},"classes":[]},{"id":1923,"url":"https:\/\/www.brokenwings.nl\/?page_id=1923","url_meta":{"origin":4360,"position":1},"title":"Onze activiteiten","author":"Gerrit","date":"08.10.2019","format":false,"excerpt":"Wie is en wat doet Stichting \u2018Broken Wings\u2019 ?\u00a0\u2028 Stichting \u2018Broken Wings\u2019, opgericht in 1997, stelt zich ten doel om hen, die tijdens de 2e Wereldoorlog hun leven gaven voor onze vrijheid, te eren en komende generaties te blijven herinneren aan de offers die zij brachten. \u2018Broken Wings\u2019 doet dit\u2026","rel":"","context":"Soortgelijk bericht","block_context":{"text":"Soortgelijk bericht","link":""},"img":{"alt_text":"","src":"","width":0,"height":0},"classes":[]},{"id":4673,"url":"https:\/\/www.brokenwings.nl\/?page_id=4673","url_meta":{"origin":4360,"position":2},"title":"In Memoriam Jaap van Huffelen","author":"Gerrit","date":"16.02.2024","format":false,"excerpt":"Het heengaan van ons bestuurslid Jaap van Huffelen op 26 december 2023 heeft ons diep geraakt. Hoewel we wisten dat hij ziek was kwam het bericht van zijn overlijden totaal onverwacht. Tijdens zijn ziekte bleef Jaap actief ook gedurende de periode dat hij de behandelingen in het ziekenhuis onderging. Het\u2026","rel":"","context":"Soortgelijk bericht","block_context":{"text":"Soortgelijk bericht","link":""},"img":{"alt_text":"","src":"https:\/\/i0.wp.com\/www.brokenwings.nl\/wp-content\/uploads\/2024\/02\/IMG_0213-Jaap-v-H.JPG-scaled.jpg?resize=350%2C200","width":350,"height":200,"srcset":"https:\/\/i0.wp.com\/www.brokenwings.nl\/wp-content\/uploads\/2024\/02\/IMG_0213-Jaap-v-H.JPG-scaled.jpg?resize=350%2C200 1x, https:\/\/i0.wp.com\/www.brokenwings.nl\/wp-content\/uploads\/2024\/02\/IMG_0213-Jaap-v-H.JPG-scaled.jpg?resize=525%2C300 1.5x, https:\/\/i0.wp.com\/www.brokenwings.nl\/wp-content\/uploads\/2024\/02\/IMG_0213-Jaap-v-H.JPG-scaled.jpg?resize=700%2C400 2x, https:\/\/i0.wp.com\/www.brokenwings.nl\/wp-content\/uploads\/2024\/02\/IMG_0213-Jaap-v-H.JPG-scaled.jpg?resize=1050%2C600 3x, https:\/\/i0.wp.com\/www.brokenwings.nl\/wp-content\/uploads\/2024\/02\/IMG_0213-Jaap-v-H.JPG-scaled.jpg?resize=1400%2C800 4x"},"classes":[]},{"id":10,"url":"https:\/\/www.brokenwings.nl\/?page_id=10","url_meta":{"origin":4360,"position":3},"title":"Stichting Broken Wings &#8217;40-&#8217;45","author":"Jan","date":"13.06.2024","format":false,"excerpt":"\u00a0 Wie is en wat doet \u2018Broken Wings\u2019 ? Stichting Broken Wings Opgericht in 1997 beijvert Stichting \u2018Broken Wings '40-45\u2019 zich ervoor om hen, die in de Tweede Wereldoorlog hun leven gaven voor onze vrijheid, te eren en komende generaties te blijven herinneren aan de offers die zij brachten. Dit\u2026","rel":"","context":"Met 8 reacties","block_context":{"text":"Met 8 reacties","link":"https:\/\/www.brokenwings.nl\/?page_id=10#comments"},"img":{"alt_text":"","src":"https:\/\/i0.wp.com\/www.brokenwings.nl\/wp-content\/uploads\/2023\/11\/HP-logo-2-website-e1700307573676.png?resize=350%2C200&ssl=1","width":350,"height":200},"classes":[]},{"id":3596,"url":"https:\/\/www.brokenwings.nl\/?page_id=3596","url_meta":{"origin":4360,"position":4},"title":"Heerdenaar (90) zag in 1944 B17 crashen op Renderklippen","author":"Gerrit","date":"12.04.2022","format":false,"excerpt":"Stichting Broken Wings eert omgekomen Amerikanen met plaquette Tijdens een korte plechtigheid is dinsdag 12 april op de Renderklippen bij Epe een plaquette onthuld die herinnert aan de vliegtuigcrash van de Amerikaanse bommenwerper B17 op 11 januari 1944 nabij het voormalige Hotel de Witte Raaf. Er werd een minuut stilte\u2026","rel":"","context":"Soortgelijk bericht","block_context":{"text":"Soortgelijk bericht","link":""},"img":{"alt_text":"","src":"https:\/\/i0.wp.com\/www.brokenwings.nl\/wp-content\/uploads\/2022\/07\/foto-de-witte-raaf-min-klein-160x160.jpg?resize=350%2C200","width":350,"height":200},"classes":[]},{"id":4073,"url":"https:\/\/www.brokenwings.nl\/?page_id=4073","url_meta":{"origin":4360,"position":5},"title":"Les zuilen Broken Wings","author":"Gerrit","date":"01.12.2022","format":false,"excerpt":"Stichting Broken Wings \u201940 \u2013 45 \u2018geeft vrede een gezicht\u2019 25 JAAR STICHTING BROKEN WINGS \u201940 - \u201845 Stichting Broken Wings \u201940-\u201945 heeft zich vanaf de oprichting op 28 november 1997 als doel gesteld om hen, die tijdens de Tweede Wereldoorlog hun leven gaven voor onze vrijheid, te eren en\u2026","rel":"","context":"Soortgelijk bericht","block_context":{"text":"Soortgelijk bericht","link":""},"img":{"alt_text":"","src":"https:\/\/i0.wp.com\/www.brokenwings.nl\/wp-content\/uploads\/2022\/12\/image.png?resize=350%2C200","width":350,"height":200},"classes":[]}],"publishpress_future_action":{"enabled":false,"date":"2026-04-27 11:40:13","action":"change-status","newStatus":"draft","terms":[],"taxonomy":"","extraData":[]},"publishpress_future_workflow_manual_trigger":{"enabledWorkflows":[]},"_links":{"self":[{"href":"https:\/\/www.brokenwings.nl\/index.php?rest_route=\/wp\/v2\/pages\/4360","targetHints":{"allow":["GET"]}}],"collection":[{"href":"https:\/\/www.brokenwings.nl\/index.php?rest_route=\/wp\/v2\/pages"}],"about":[{"href":"https:\/\/www.brokenwings.nl\/index.php?rest_route=\/wp\/v2\/types\/page"}],"author":[{"embeddable":true,"href":"https:\/\/www.brokenwings.nl\/index.php?rest_route=\/wp\/v2\/users\/5"}],"replies":[{"embeddable":true,"href":"https:\/\/www.brokenwings.nl\/index.php?rest_route=%2Fwp%2Fv2%2Fcomments&post=4360"}],"version-history":[{"count":0,"href":"https:\/\/www.brokenwings.nl\/index.php?rest_route=\/wp\/v2\/pages\/4360\/revisions"}],"up":[{"embeddable":true,"href":"https:\/\/www.brokenwings.nl\/index.php?rest_route=\/wp\/v2\/pages\/16"}],"wp:attachment":[{"href":"https:\/\/www.brokenwings.nl\/index.php?rest_route=%2Fwp%2Fv2%2Fmedia&parent=4360"}],"curies":[{"name":"wp","href":"https:\/\/api.w.org\/{rel}","templated":true}]}}